{"id":12030,"date":"2018-04-17T11:27:07","date_gmt":"2018-04-17T11:27:07","guid":{"rendered":"http:\/\/www.ramqui.com\/producto\/veroca-led-1-2-3-y-4\/"},"modified":"2020-04-28T10:01:37","modified_gmt":"2020-04-28T10:01:37","slug":"veroca-led-1-2-3-y-4","status":"publish","type":"product","link":"https:\/\/www.ramqui.com\/en\/producto\/veroca-led-1-2-3-y-4\/","title":{"rendered":"VEROCA LED"},"content":{"rendered":"<p><strong>MATERIALS<\/strong><br \/>\nMetallic structure<br \/>\nTextile difusser<br \/>\n<strong>FINISHES<\/strong><br \/>\nWhite, Raw white<br \/>\n<strong>POWER LIGHT<\/strong><br \/>\n4 Led 10,5W 3000K<\/p>\n","protected":false},"excerpt":{"rendered":"<p>LED ceiling light, consisting of a 105&#215;105 flame retardant textile diffuser, a light body and four tension springs, with their respective supports. The textile diffuser can be machine washed and ironed without losing its characteristics.<\/p>\n<p>The combination of textile diffusers allows multiple compositions.<\/p>\n<p>Four sizes available.<\/p>\n","protected":false},"featured_media":11726,"template":"","meta":{"_acf_changed":false},"product_brand":[],"product_cat":[366],"product_tag":[],"class_list":{"0":"post-12030","1":"product","2":"type-product","3":"status-publish","4":"has-post-thumbnail","6":"product_cat-blux-en","8":"first","9":"instock","10":"shipping-taxable","11":"purchasable","12":"product-type-simple"},"acf":[],"yoast_head":"<!-- This site is optimized with the Yoast SEO plugin v27.2 - https:\/\/yoast.com\/product\/yoast-seo-wordpress\/ -->\n<title>VEROCA LED - Ramqui: iluminaci\u00f3n + ingenier\u00eda Elche<\/title>\n<meta name=\"robots\" content=\"index, follow, max-snippet:-1, max-image-preview:large, max-video-preview:-1\" \/>\n<link rel=\"canonical\" href=\"https:\/\/www.ramqui.com\/producto\/veroca-led-1-2-3-y-4\/\" \/>\n<meta property=\"og:locale\" content=\"en_US\" \/>\n<meta property=\"og:type\" content=\"article\" \/>\n<meta property=\"og:title\" content=\"VEROCA LED - Ramqui: iluminaci\u00f3n + ingenier\u00eda Elche\" \/>\n<meta property=\"og:description\" content=\"LED ceiling light, consisting of a 105x105 flame retardant textile diffuser, a light body and four tension springs, with their respective supports. The textile diffuser can be machine washed and ironed without losing its characteristics.  The combination of textile diffusers allows multiple compositions.  Four sizes available.\" \/>\n<meta property=\"og:url\" content=\"https:\/\/www.ramqui.com\/producto\/veroca-led-1-2-3-y-4\/\" \/>\n<meta property=\"og:site_name\" content=\"Ramqui: iluminaci\u00f3n + ingenier\u00eda Elche\" \/>\n<meta property=\"article:publisher\" content=\"https:\/\/www.facebook.com\/estudioramqui\" \/>\n<meta property=\"article:modified_time\" content=\"2020-04-28T10:01:37+00:00\" \/>\n<meta property=\"og:image\" content=\"https:\/\/www.ramqui.com\/wp-content\/uploads\/2018\/04\/veroca-led-principal-ok.jpg\" \/>\n\t<meta property=\"og:image:width\" content=\"665\" \/>\n\t<meta property=\"og:image:height\" content=\"750\" \/>\n\t<meta property=\"og:image:type\" content=\"image\/jpeg\" \/>\n<meta name=\"twitter:card\" content=\"summary_large_image\" \/>\n<script type=\"application\/ld+json\" class=\"yoast-schema-graph\">{\"@context\":\"https:\/\/schema.org\",\"@graph\":[{\"@type\":\"WebPage\",\"@id\":\"https:\/\/www.ramqui.com\/producto\/veroca-led-1-2-3-y-4\/\",\"url\":\"https:\/\/www.ramqui.com\/producto\/veroca-led-1-2-3-y-4\/\",\"name\":\"VEROCA LED - Ramqui: iluminaci\u00f3n + ingenier\u00eda Elche\",\"isPartOf\":{\"@id\":\"https:\/\/www.ramqui.com\/#website\"},\"primaryImageOfPage\":{\"@id\":\"https:\/\/www.ramqui.com\/producto\/veroca-led-1-2-3-y-4\/#primaryimage\"},\"image\":{\"@id\":\"https:\/\/www.ramqui.com\/producto\/veroca-led-1-2-3-y-4\/#primaryimage\"},\"thumbnailUrl\":\"https:\/\/www.ramqui.com\/wp-content\/uploads\/2018\/04\/veroca-led-principal-ok.jpg\",\"datePublished\":\"2018-04-17T11:27:07+00:00\",\"dateModified\":\"2020-04-28T10:01:37+00:00\",\"breadcrumb\":{\"@id\":\"https:\/\/www.ramqui.com\/producto\/veroca-led-1-2-3-y-4\/#breadcrumb\"},\"inLanguage\":\"en-US\",\"potentialAction\":[{\"@type\":\"ReadAction\",\"target\":[\"https:\/\/www.ramqui.com\/producto\/veroca-led-1-2-3-y-4\/\"]}]},{\"@type\":\"ImageObject\",\"inLanguage\":\"en-US\",\"@id\":\"https:\/\/www.ramqui.com\/producto\/veroca-led-1-2-3-y-4\/#primaryimage\",\"url\":\"https:\/\/www.ramqui.com\/wp-content\/uploads\/2018\/04\/veroca-led-principal-ok.jpg\",\"contentUrl\":\"https:\/\/www.ramqui.com\/wp-content\/uploads\/2018\/04\/veroca-led-principal-ok.jpg\",\"width\":665,\"height\":750},{\"@type\":\"BreadcrumbList\",\"@id\":\"https:\/\/www.ramqui.com\/producto\/veroca-led-1-2-3-y-4\/#breadcrumb\",\"itemListElement\":[{\"@type\":\"ListItem\",\"position\":1,\"name\":\"Portada\",\"item\":\"https:\/\/www.ramqui.com\/en\/\"},{\"@type\":\"ListItem\",\"position\":2,\"name\":\"Firmas\",\"item\":\"https:\/\/www.ramqui.com\/tienda\/\"},{\"@type\":\"ListItem\",\"position\":3,\"name\":\"VEROCA LED\"}]},{\"@type\":\"WebSite\",\"@id\":\"https:\/\/www.ramqui.com\/#website\",\"url\":\"https:\/\/www.ramqui.com\/\",\"name\":\"Ramqui: iluminaci\u00f3n + ingenier\u00eda Elche\",\"description\":\"Servicios de iluminaci\u00f3n e ingenier\u00eda en Elche y la provincia de Alicante. Dom\u00f3tica, instalaci\u00f3n, ahorro energ\u00e9tico, distribuci\u00f3n y venta.\",\"potentialAction\":[{\"@type\":\"SearchAction\",\"target\":{\"@type\":\"EntryPoint\",\"urlTemplate\":\"https:\/\/www.ramqui.com\/?s={search_term_string}\"},\"query-input\":{\"@type\":\"PropertyValueSpecification\",\"valueRequired\":true,\"valueName\":\"search_term_string\"}}],\"inLanguage\":\"en-US\"}]}<\/script>\n<!-- \/ Yoast SEO plugin. -->","yoast_head_json":{"title":"VEROCA LED - Ramqui: iluminaci\u00f3n + ingenier\u00eda Elche","robots":{"index":"index","follow":"follow","max-snippet":"max-snippet:-1","max-image-preview":"max-image-preview:large","max-video-preview":"max-video-preview:-1"},"canonical":"https:\/\/www.ramqui.com\/producto\/veroca-led-1-2-3-y-4\/","og_locale":"en_US","og_type":"article","og_title":"VEROCA LED - Ramqui: iluminaci\u00f3n + ingenier\u00eda Elche","og_description":"LED ceiling light, consisting of a 105x105 flame retardant textile diffuser, a light body and four tension springs, with their respective supports. The textile diffuser can be machine washed and ironed without losing its characteristics.  The combination of textile diffusers allows multiple compositions.  Four sizes available.","og_url":"https:\/\/www.ramqui.com\/producto\/veroca-led-1-2-3-y-4\/","og_site_name":"Ramqui: iluminaci\u00f3n + ingenier\u00eda Elche","article_publisher":"https:\/\/www.facebook.com\/estudioramqui","article_modified_time":"2020-04-28T10:01:37+00:00","og_image":[{"width":665,"height":750,"url":"https:\/\/www.ramqui.com\/wp-content\/uploads\/2018\/04\/veroca-led-principal-ok.jpg","type":"image\/jpeg"}],"twitter_card":"summary_large_image","schema":{"@context":"https:\/\/schema.org","@graph":[{"@type":"WebPage","@id":"https:\/\/www.ramqui.com\/producto\/veroca-led-1-2-3-y-4\/","url":"https:\/\/www.ramqui.com\/producto\/veroca-led-1-2-3-y-4\/","name":"VEROCA LED - Ramqui: iluminaci\u00f3n + ingenier\u00eda Elche","isPartOf":{"@id":"https:\/\/www.ramqui.com\/#website"},"primaryImageOfPage":{"@id":"https:\/\/www.ramqui.com\/producto\/veroca-led-1-2-3-y-4\/#primaryimage"},"image":{"@id":"https:\/\/www.ramqui.com\/producto\/veroca-led-1-2-3-y-4\/#primaryimage"},"thumbnailUrl":"https:\/\/www.ramqui.com\/wp-content\/uploads\/2018\/04\/veroca-led-principal-ok.jpg","datePublished":"2018-04-17T11:27:07+00:00","dateModified":"2020-04-28T10:01:37+00:00","breadcrumb":{"@id":"https:\/\/www.ramqui.com\/producto\/veroca-led-1-2-3-y-4\/#breadcrumb"},"inLanguage":"en-US","potentialAction":[{"@type":"ReadAction","target":["https:\/\/www.ramqui.com\/producto\/veroca-led-1-2-3-y-4\/"]}]},{"@type":"ImageObject","inLanguage":"en-US","@id":"https:\/\/www.ramqui.com\/producto\/veroca-led-1-2-3-y-4\/#primaryimage","url":"https:\/\/www.ramqui.com\/wp-content\/uploads\/2018\/04\/veroca-led-principal-ok.jpg","contentUrl":"https:\/\/www.ramqui.com\/wp-content\/uploads\/2018\/04\/veroca-led-principal-ok.jpg","width":665,"height":750},{"@type":"BreadcrumbList","@id":"https:\/\/www.ramqui.com\/producto\/veroca-led-1-2-3-y-4\/#breadcrumb","itemListElement":[{"@type":"ListItem","position":1,"name":"Portada","item":"https:\/\/www.ramqui.com\/en\/"},{"@type":"ListItem","position":2,"name":"Firmas","item":"https:\/\/www.ramqui.com\/tienda\/"},{"@type":"ListItem","position":3,"name":"VEROCA LED"}]},{"@type":"WebSite","@id":"https:\/\/www.ramqui.com\/#website","url":"https:\/\/www.ramqui.com\/","name":"Ramqui: iluminaci\u00f3n + ingenier\u00eda Elche","description":"Servicios de iluminaci\u00f3n e ingenier\u00eda en Elche y la provincia de Alicante. Dom\u00f3tica, instalaci\u00f3n, ahorro energ\u00e9tico, distribuci\u00f3n y venta.","potentialAction":[{"@type":"SearchAction","target":{"@type":"EntryPoint","urlTemplate":"https:\/\/www.ramqui.com\/?s={search_term_string}"},"query-input":{"@type":"PropertyValueSpecification","valueRequired":true,"valueName":"search_term_string"}}],"inLanguage":"en-US"}]}},"_links":{"self":[{"href":"https:\/\/www.ramqui.com\/en\/wp-json\/wp\/v2\/product\/12030\/"}],"collection":[{"href":"https:\/\/www.ramqui.com\/en\/wp-json\/wp\/v2\/product\/"}],"about":[{"href":"https:\/\/www.ramqui.com\/en\/wp-json\/wp\/v2\/types\/product\/"}],"wp:featuredmedia":[{"embeddable":true,"href":"https:\/\/www.ramqui.com\/en\/wp-json\/wp\/v2\/media\/11726\/"}],"wp:attachment":[{"href":"https:\/\/www.ramqui.com\/en\/wp-json\/wp\/v2\/media\/?parent=12030"}],"wp:term":[{"taxonomy":"product_brand","embeddable":true,"href":"https:\/\/www.ramqui.com\/en\/wp-json\/wp\/v2\/product_brand\/?post=12030"},{"taxonomy":"product_cat","embeddable":true,"href":"https:\/\/www.ramqui.com\/en\/wp-json\/wp\/v2\/product_cat\/?post=12030"},{"taxonomy":"product_tag","embeddable":true,"href":"https:\/\/www.ramqui.com\/en\/wp-json\/wp\/v2\/product_tag\/?post=12030"}],"curies":[{"name":"wp","href":"https:\/\/api.w.org\/{rel}","templated":true}]}}