{"id":11978,"date":"2018-04-20T10:15:28","date_gmt":"2018-04-20T10:15:28","guid":{"rendered":"http:\/\/www.ramqui.com\/producto\/djembe-s\/"},"modified":"2020-05-05T08:32:00","modified_gmt":"2020-05-05T08:32:00","slug":"djembe-s","status":"publish","type":"product","link":"https:\/\/www.ramqui.com\/en\/producto\/djembe-s\/","title":{"rendered":"Djemb\u00e9 S"},"content":{"rendered":"<p><span style=\"color: #000000;\"><span style=\"font-family: Verdana, serif;\"><span style=\"font-size: small;\"><b>MATERIALS<\/b><\/span><\/span><\/span><\/p>\n<p id=\"tw-target-text\" class=\"tw-data-text tw-text-large tw-ta\" dir=\"ltr\" data-placeholder=\"Traducci\u00f3\"><span lang=\"en\">Rotomoulded bi-injected polyethylene screen with stone texture<\/span><\/p>\n<p><span style=\"color: #000000;\"><span style=\"font-family: Verdana, serif;\"><span style=\"font-size: small;\"><b>FINISHES<\/b><\/span><\/span><\/span><\/p>\n<p><span style=\"color: #000000;\"><span style=\"font-family: Verdana, serif;\"><span style=\"font-size: small;\">White, grey, red, blue sky.<\/span><\/span><\/span><\/p>\n<p><span style=\"color: #000000;\"><span style=\"font-family: Verdana, serif;\"><span style=\"font-size: small;\"><b>POWER LIGHT<\/b><\/span><\/span><\/span><\/p>\n<p><span style=\"color: #000000;\"><span style=\"font-family: Verdana, serif;\"><span style=\"font-size: small;\">1 Led SMD 11,7W 2700K <\/span><\/span><\/span><\/p>\n","protected":false},"excerpt":{"rendered":"<p id=\"tw-target-text\" class=\"tw-data-text tw-text-large tw-ta\" dir=\"ltr\" data-placeholder=\"Traducci\u00f3\"><span lang=\"en\">As if it were the echo of a drum, the Djemb\u00e9 collection has been designed to repeat itself and create light compositions. <\/span><\/p>\n<p class=\"tw-data-text tw-text-large tw-ta\" dir=\"ltr\" data-placeholder=\"Traducci\u00f3\"><span lang=\"en\">Formally it is a half bell that reveals its interior, available in different sizes and colors that, when combined with each other, achieves a great decorative effect, even when turned off. If you prefer it can work in individual format illuminating the space with rotundity. <\/span><\/p>\n<p class=\"tw-data-text tw-text-large tw-ta\" dir=\"ltr\" data-placeholder=\"Traducci\u00f3\"><span lang=\"en\">Using the rotational molding technique, Joan Gaspar achieves that the exterior is very different from the interior of the screen: on the outside it recalls the texture of the stone, seeking an apparent weight perception emphasized by its forceful volume. Inside, being empty, you discover a smooth white interior space that lets the light reflect. <\/span><\/p>\n<p class=\"tw-data-text tw-text-large tw-ta\" dir=\"ltr\" data-placeholder=\"Traducci\u00f3\"><span lang=\"en\">Djemb\u00e9 is a lamp designed for use in public spaces that aims to provide beauty and an unbeatable quality of light. Diameter 403mm. <\/span><\/p>\n<p class=\"tw-data-text tw-text-large tw-ta\" dir=\"ltr\" data-placeholder=\"Traducci\u00f3\"><span lang=\"en\">Available in three sizes.<\/span><\/p>\n","protected":false},"featured_media":11216,"template":"","meta":{"_acf_changed":false},"product_brand":[],"product_cat":[375],"product_tag":[],"class_list":{"0":"post-11978","1":"product","2":"type-product","3":"status-publish","4":"has-post-thumbnail","6":"product_cat-marset-en","8":"first","9":"instock","10":"shipping-taxable","11":"purchasable","12":"product-type-simple"},"acf":[],"yoast_head":"<!-- This site is optimized with the Yoast SEO plugin v27.2 - https:\/\/yoast.com\/product\/yoast-seo-wordpress\/ -->\n<title>Djemb\u00e9 S - Ramqui: iluminaci\u00f3n + ingenier\u00eda Elche<\/title>\n<meta name=\"robots\" content=\"index, follow, max-snippet:-1, max-image-preview:large, max-video-preview:-1\" \/>\n<link rel=\"canonical\" href=\"https:\/\/www.ramqui.com\/producto\/djembe-s\/\" \/>\n<meta property=\"og:locale\" content=\"en_US\" \/>\n<meta property=\"og:type\" content=\"article\" \/>\n<meta property=\"og:title\" content=\"Djemb\u00e9 S - Ramqui: iluminaci\u00f3n + ingenier\u00eda Elche\" \/>\n<meta property=\"og:description\" content=\"As if it were the echo of a drum, the Djemb\u00e9 collection has been designed to repeat itself and create light compositions.  Formally it is a half bell that reveals its interior, available in different sizes and colors that, when combined with each other, achieves a great decorative effect, even when turned off. If you prefer it can work in individual format illuminating the space with rotundity.  Using the rotational molding technique, Joan Gaspar achieves that the exterior is very different from the interior of the screen: on the outside it recalls the texture of the stone, seeking an apparent weight perception emphasized by its forceful volume. Inside, being empty, you discover a smooth white interior space that lets the light reflect.  Djemb\u00e9 is a lamp designed for use in public spaces that aims to provide beauty and an unbeatable quality of light. Diameter 403mm.  Available in three sizes.\" \/>\n<meta property=\"og:url\" content=\"https:\/\/www.ramqui.com\/producto\/djembe-s\/\" \/>\n<meta property=\"og:site_name\" content=\"Ramqui: iluminaci\u00f3n + ingenier\u00eda Elche\" \/>\n<meta property=\"article:publisher\" content=\"https:\/\/www.facebook.com\/estudioramqui\" \/>\n<meta property=\"article:modified_time\" content=\"2020-05-05T08:32:00+00:00\" \/>\n<meta property=\"og:image\" content=\"https:\/\/www.ramqui.com\/wp-content\/uploads\/2018\/04\/djembe-s-principal.jpg\" \/>\n\t<meta property=\"og:image:width\" content=\"665\" \/>\n\t<meta property=\"og:image:height\" content=\"750\" \/>\n\t<meta property=\"og:image:type\" content=\"image\/jpeg\" \/>\n<meta name=\"twitter:card\" content=\"summary_large_image\" \/>\n<script type=\"application\/ld+json\" class=\"yoast-schema-graph\">{\"@context\":\"https:\/\/schema.org\",\"@graph\":[{\"@type\":\"WebPage\",\"@id\":\"https:\/\/www.ramqui.com\/producto\/djembe-s\/\",\"url\":\"https:\/\/www.ramqui.com\/producto\/djembe-s\/\",\"name\":\"Djemb\u00e9 S - Ramqui: iluminaci\u00f3n + ingenier\u00eda Elche\",\"isPartOf\":{\"@id\":\"https:\/\/www.ramqui.com\/#website\"},\"primaryImageOfPage\":{\"@id\":\"https:\/\/www.ramqui.com\/producto\/djembe-s\/#primaryimage\"},\"image\":{\"@id\":\"https:\/\/www.ramqui.com\/producto\/djembe-s\/#primaryimage\"},\"thumbnailUrl\":\"https:\/\/www.ramqui.com\/wp-content\/uploads\/2018\/04\/djembe-s-principal.jpg\",\"datePublished\":\"2018-04-20T10:15:28+00:00\",\"dateModified\":\"2020-05-05T08:32:00+00:00\",\"breadcrumb\":{\"@id\":\"https:\/\/www.ramqui.com\/producto\/djembe-s\/#breadcrumb\"},\"inLanguage\":\"en-US\",\"potentialAction\":[{\"@type\":\"ReadAction\",\"target\":[\"https:\/\/www.ramqui.com\/producto\/djembe-s\/\"]}]},{\"@type\":\"ImageObject\",\"inLanguage\":\"en-US\",\"@id\":\"https:\/\/www.ramqui.com\/producto\/djembe-s\/#primaryimage\",\"url\":\"https:\/\/www.ramqui.com\/wp-content\/uploads\/2018\/04\/djembe-s-principal.jpg\",\"contentUrl\":\"https:\/\/www.ramqui.com\/wp-content\/uploads\/2018\/04\/djembe-s-principal.jpg\",\"width\":665,\"height\":750},{\"@type\":\"BreadcrumbList\",\"@id\":\"https:\/\/www.ramqui.com\/producto\/djembe-s\/#breadcrumb\",\"itemListElement\":[{\"@type\":\"ListItem\",\"position\":1,\"name\":\"Portada\",\"item\":\"https:\/\/www.ramqui.com\/en\/\"},{\"@type\":\"ListItem\",\"position\":2,\"name\":\"Firmas\",\"item\":\"https:\/\/www.ramqui.com\/tienda\/\"},{\"@type\":\"ListItem\",\"position\":3,\"name\":\"Djemb\u00e9 S\"}]},{\"@type\":\"WebSite\",\"@id\":\"https:\/\/www.ramqui.com\/#website\",\"url\":\"https:\/\/www.ramqui.com\/\",\"name\":\"Ramqui: iluminaci\u00f3n + ingenier\u00eda Elche\",\"description\":\"Servicios de iluminaci\u00f3n e ingenier\u00eda en Elche y la provincia de Alicante. Dom\u00f3tica, instalaci\u00f3n, ahorro energ\u00e9tico, distribuci\u00f3n y venta.\",\"potentialAction\":[{\"@type\":\"SearchAction\",\"target\":{\"@type\":\"EntryPoint\",\"urlTemplate\":\"https:\/\/www.ramqui.com\/?s={search_term_string}\"},\"query-input\":{\"@type\":\"PropertyValueSpecification\",\"valueRequired\":true,\"valueName\":\"search_term_string\"}}],\"inLanguage\":\"en-US\"}]}<\/script>\n<!-- \/ Yoast SEO plugin. -->","yoast_head_json":{"title":"Djemb\u00e9 S - Ramqui: iluminaci\u00f3n + ingenier\u00eda Elche","robots":{"index":"index","follow":"follow","max-snippet":"max-snippet:-1","max-image-preview":"max-image-preview:large","max-video-preview":"max-video-preview:-1"},"canonical":"https:\/\/www.ramqui.com\/producto\/djembe-s\/","og_locale":"en_US","og_type":"article","og_title":"Djemb\u00e9 S - Ramqui: iluminaci\u00f3n + ingenier\u00eda Elche","og_description":"As if it were the echo of a drum, the Djemb\u00e9 collection has been designed to repeat itself and create light compositions.  Formally it is a half bell that reveals its interior, available in different sizes and colors that, when combined with each other, achieves a great decorative effect, even when turned off. If you prefer it can work in individual format illuminating the space with rotundity.  Using the rotational molding technique, Joan Gaspar achieves that the exterior is very different from the interior of the screen: on the outside it recalls the texture of the stone, seeking an apparent weight perception emphasized by its forceful volume. Inside, being empty, you discover a smooth white interior space that lets the light reflect.  Djemb\u00e9 is a lamp designed for use in public spaces that aims to provide beauty and an unbeatable quality of light. Diameter 403mm.  Available in three sizes.","og_url":"https:\/\/www.ramqui.com\/producto\/djembe-s\/","og_site_name":"Ramqui: iluminaci\u00f3n + ingenier\u00eda Elche","article_publisher":"https:\/\/www.facebook.com\/estudioramqui","article_modified_time":"2020-05-05T08:32:00+00:00","og_image":[{"width":665,"height":750,"url":"https:\/\/www.ramqui.com\/wp-content\/uploads\/2018\/04\/djembe-s-principal.jpg","type":"image\/jpeg"}],"twitter_card":"summary_large_image","schema":{"@context":"https:\/\/schema.org","@graph":[{"@type":"WebPage","@id":"https:\/\/www.ramqui.com\/producto\/djembe-s\/","url":"https:\/\/www.ramqui.com\/producto\/djembe-s\/","name":"Djemb\u00e9 S - Ramqui: iluminaci\u00f3n + ingenier\u00eda Elche","isPartOf":{"@id":"https:\/\/www.ramqui.com\/#website"},"primaryImageOfPage":{"@id":"https:\/\/www.ramqui.com\/producto\/djembe-s\/#primaryimage"},"image":{"@id":"https:\/\/www.ramqui.com\/producto\/djembe-s\/#primaryimage"},"thumbnailUrl":"https:\/\/www.ramqui.com\/wp-content\/uploads\/2018\/04\/djembe-s-principal.jpg","datePublished":"2018-04-20T10:15:28+00:00","dateModified":"2020-05-05T08:32:00+00:00","breadcrumb":{"@id":"https:\/\/www.ramqui.com\/producto\/djembe-s\/#breadcrumb"},"inLanguage":"en-US","potentialAction":[{"@type":"ReadAction","target":["https:\/\/www.ramqui.com\/producto\/djembe-s\/"]}]},{"@type":"ImageObject","inLanguage":"en-US","@id":"https:\/\/www.ramqui.com\/producto\/djembe-s\/#primaryimage","url":"https:\/\/www.ramqui.com\/wp-content\/uploads\/2018\/04\/djembe-s-principal.jpg","contentUrl":"https:\/\/www.ramqui.com\/wp-content\/uploads\/2018\/04\/djembe-s-principal.jpg","width":665,"height":750},{"@type":"BreadcrumbList","@id":"https:\/\/www.ramqui.com\/producto\/djembe-s\/#breadcrumb","itemListElement":[{"@type":"ListItem","position":1,"name":"Portada","item":"https:\/\/www.ramqui.com\/en\/"},{"@type":"ListItem","position":2,"name":"Firmas","item":"https:\/\/www.ramqui.com\/tienda\/"},{"@type":"ListItem","position":3,"name":"Djemb\u00e9 S"}]},{"@type":"WebSite","@id":"https:\/\/www.ramqui.com\/#website","url":"https:\/\/www.ramqui.com\/","name":"Ramqui: iluminaci\u00f3n + ingenier\u00eda Elche","description":"Servicios de iluminaci\u00f3n e ingenier\u00eda en Elche y la provincia de Alicante. Dom\u00f3tica, instalaci\u00f3n, ahorro energ\u00e9tico, distribuci\u00f3n y venta.","potentialAction":[{"@type":"SearchAction","target":{"@type":"EntryPoint","urlTemplate":"https:\/\/www.ramqui.com\/?s={search_term_string}"},"query-input":{"@type":"PropertyValueSpecification","valueRequired":true,"valueName":"search_term_string"}}],"inLanguage":"en-US"}]}},"_links":{"self":[{"href":"https:\/\/www.ramqui.com\/en\/wp-json\/wp\/v2\/product\/11978\/"}],"collection":[{"href":"https:\/\/www.ramqui.com\/en\/wp-json\/wp\/v2\/product\/"}],"about":[{"href":"https:\/\/www.ramqui.com\/en\/wp-json\/wp\/v2\/types\/product\/"}],"wp:featuredmedia":[{"embeddable":true,"href":"https:\/\/www.ramqui.com\/en\/wp-json\/wp\/v2\/media\/11216\/"}],"wp:attachment":[{"href":"https:\/\/www.ramqui.com\/en\/wp-json\/wp\/v2\/media\/?parent=11978"}],"wp:term":[{"taxonomy":"product_brand","embeddable":true,"href":"https:\/\/www.ramqui.com\/en\/wp-json\/wp\/v2\/product_brand\/?post=11978"},{"taxonomy":"product_cat","embeddable":true,"href":"https:\/\/www.ramqui.com\/en\/wp-json\/wp\/v2\/product_cat\/?post=11978"},{"taxonomy":"product_tag","embeddable":true,"href":"https:\/\/www.ramqui.com\/en\/wp-json\/wp\/v2\/product_tag\/?post=11978"}],"curies":[{"name":"wp","href":"https:\/\/api.w.org\/{rel}","templated":true}]}}