{"id":11965,"date":"2018-04-20T10:32:59","date_gmt":"2018-04-20T10:32:59","guid":{"rendered":"http:\/\/www.ramqui.com\/producto\/fortebraccio\/"},"modified":"2020-05-05T07:43:22","modified_gmt":"2020-05-05T07:43:22","slug":"fortebraccio","status":"publish","type":"product","link":"https:\/\/www.ramqui.com\/en\/producto\/fortebraccio\/","title":{"rendered":"Fortebraccio"},"content":{"rendered":"<p><span style=\"color: #000000;\"><span style=\"font-family: Verdana, serif;\"><span style=\"font-size: small;\"><b>MATERIALS<\/b><\/span><\/span><\/span><\/p>\n<p id=\"tw-target-text\" class=\"tw-data-text tw-text-large tw-ta\" dir=\"ltr\" data-placeholder=\"Traducci\u00f3\"><span lang=\"en\">Injection molded polycarbonate grip, cut and formed steel arms, die cast metal gaskets<\/span><\/p>\n<p><span style=\"color: #000000;\"><span style=\"font-family: Verdana, serif;\"><span style=\"font-size: small;\"><b>FINISHES<\/b><\/span><\/span><\/span><\/p>\n<p><span style=\"color: #222222;\">Structure: Aluminium, white, black.<\/span><\/p>\n<p><span style=\"color: #000000;\"><span style=\"font-family: Verdana, serif;\"><span style=\"font-size: small;\"><b>POWER LIGHT<\/b><\/span><\/span><\/span><\/p>\n<p><span style=\"color: #000000;\"><span style=\"font-family: Verdana, serif;\"><span style=\"font-size: small;\">1 Led 9W E27<\/span><\/span><\/span><\/p>\n","protected":false},"excerpt":{"rendered":"<p id=\"tw-target-text\" class=\"tw-data-text tw-text-large tw-ta\" dir=\"ltr\" data-placeholder=\"Traducci\u00f3\"><span lang=\"en\">Fortebraccio sets new standards for efficiency and practicality for desk lamps. The central joint allows the two arms to rotate independently on the horizontal and vertical axes, guaranteeing great fluidity of movement even in extreme and unusual positions. <\/span><\/p>\n<p class=\"tw-data-text tw-text-large tw-ta\" dir=\"ltr\" data-placeholder=\"Traducci\u00f3\"><span lang=\"en\">The polycarbonate grip allows users to maneuver the lamp in a simple and manageable way.<\/span><\/p>\n","protected":false},"featured_media":11309,"template":"","meta":{"_acf_changed":false},"product_brand":[],"product_cat":[423],"product_tag":[],"class_list":{"0":"post-11965","1":"product","2":"type-product","3":"status-publish","4":"has-post-thumbnail","6":"product_cat-423","8":"first","9":"instock","10":"shipping-taxable","11":"purchasable","12":"product-type-simple"},"acf":[],"yoast_head":"<!-- This site is optimized with the Yoast SEO plugin v27.2 - https:\/\/yoast.com\/product\/yoast-seo-wordpress\/ -->\n<title>Fortebraccio - Ramqui: iluminaci\u00f3n + ingenier\u00eda Elche<\/title>\n<meta name=\"robots\" content=\"index, follow, max-snippet:-1, max-image-preview:large, max-video-preview:-1\" \/>\n<link rel=\"canonical\" href=\"https:\/\/www.ramqui.com\/producto\/fortebraccio\/\" \/>\n<meta property=\"og:locale\" content=\"en_US\" \/>\n<meta property=\"og:type\" content=\"article\" \/>\n<meta property=\"og:title\" content=\"Fortebraccio - Ramqui: iluminaci\u00f3n + ingenier\u00eda Elche\" \/>\n<meta property=\"og:description\" content=\"Fortebraccio sets new standards for efficiency and practicality for desk lamps. The central joint allows the two arms to rotate independently on the horizontal and vertical axes, guaranteeing great fluidity of movement even in extreme and unusual positions.  The polycarbonate grip allows users to maneuver the lamp in a simple and manageable way.\" \/>\n<meta property=\"og:url\" content=\"https:\/\/www.ramqui.com\/producto\/fortebraccio\/\" \/>\n<meta property=\"og:site_name\" content=\"Ramqui: iluminaci\u00f3n + ingenier\u00eda Elche\" \/>\n<meta property=\"article:publisher\" content=\"https:\/\/www.facebook.com\/estudioramqui\" \/>\n<meta property=\"article:modified_time\" content=\"2020-05-05T07:43:22+00:00\" \/>\n<meta property=\"og:image\" content=\"https:\/\/www.ramqui.com\/wp-content\/uploads\/2018\/04\/forteraccio_principal.jpg\" \/>\n\t<meta property=\"og:image:width\" content=\"665\" \/>\n\t<meta property=\"og:image:height\" content=\"750\" \/>\n\t<meta property=\"og:image:type\" content=\"image\/jpeg\" \/>\n<meta name=\"twitter:card\" content=\"summary_large_image\" \/>\n<script type=\"application\/ld+json\" class=\"yoast-schema-graph\">{\"@context\":\"https:\/\/schema.org\",\"@graph\":[{\"@type\":\"WebPage\",\"@id\":\"https:\/\/www.ramqui.com\/producto\/fortebraccio\/\",\"url\":\"https:\/\/www.ramqui.com\/producto\/fortebraccio\/\",\"name\":\"Fortebraccio - Ramqui: iluminaci\u00f3n + ingenier\u00eda Elche\",\"isPartOf\":{\"@id\":\"https:\/\/www.ramqui.com\/#website\"},\"primaryImageOfPage\":{\"@id\":\"https:\/\/www.ramqui.com\/producto\/fortebraccio\/#primaryimage\"},\"image\":{\"@id\":\"https:\/\/www.ramqui.com\/producto\/fortebraccio\/#primaryimage\"},\"thumbnailUrl\":\"https:\/\/www.ramqui.com\/wp-content\/uploads\/2018\/04\/forteraccio_principal.jpg\",\"datePublished\":\"2018-04-20T10:32:59+00:00\",\"dateModified\":\"2020-05-05T07:43:22+00:00\",\"breadcrumb\":{\"@id\":\"https:\/\/www.ramqui.com\/producto\/fortebraccio\/#breadcrumb\"},\"inLanguage\":\"en-US\",\"potentialAction\":[{\"@type\":\"ReadAction\",\"target\":[\"https:\/\/www.ramqui.com\/producto\/fortebraccio\/\"]}]},{\"@type\":\"ImageObject\",\"inLanguage\":\"en-US\",\"@id\":\"https:\/\/www.ramqui.com\/producto\/fortebraccio\/#primaryimage\",\"url\":\"https:\/\/www.ramqui.com\/wp-content\/uploads\/2018\/04\/forteraccio_principal.jpg\",\"contentUrl\":\"https:\/\/www.ramqui.com\/wp-content\/uploads\/2018\/04\/forteraccio_principal.jpg\",\"width\":665,\"height\":750},{\"@type\":\"BreadcrumbList\",\"@id\":\"https:\/\/www.ramqui.com\/producto\/fortebraccio\/#breadcrumb\",\"itemListElement\":[{\"@type\":\"ListItem\",\"position\":1,\"name\":\"Portada\",\"item\":\"https:\/\/www.ramqui.com\/en\/\"},{\"@type\":\"ListItem\",\"position\":2,\"name\":\"Firmas\",\"item\":\"https:\/\/www.ramqui.com\/tienda\/\"},{\"@type\":\"ListItem\",\"position\":3,\"name\":\"Fortebraccio\"}]},{\"@type\":\"WebSite\",\"@id\":\"https:\/\/www.ramqui.com\/#website\",\"url\":\"https:\/\/www.ramqui.com\/\",\"name\":\"Ramqui: iluminaci\u00f3n + ingenier\u00eda Elche\",\"description\":\"Servicios de iluminaci\u00f3n e ingenier\u00eda en Elche y la provincia de Alicante. Dom\u00f3tica, instalaci\u00f3n, ahorro energ\u00e9tico, distribuci\u00f3n y venta.\",\"potentialAction\":[{\"@type\":\"SearchAction\",\"target\":{\"@type\":\"EntryPoint\",\"urlTemplate\":\"https:\/\/www.ramqui.com\/?s={search_term_string}\"},\"query-input\":{\"@type\":\"PropertyValueSpecification\",\"valueRequired\":true,\"valueName\":\"search_term_string\"}}],\"inLanguage\":\"en-US\"}]}<\/script>\n<!-- \/ Yoast SEO plugin. -->","yoast_head_json":{"title":"Fortebraccio - Ramqui: iluminaci\u00f3n + ingenier\u00eda Elche","robots":{"index":"index","follow":"follow","max-snippet":"max-snippet:-1","max-image-preview":"max-image-preview:large","max-video-preview":"max-video-preview:-1"},"canonical":"https:\/\/www.ramqui.com\/producto\/fortebraccio\/","og_locale":"en_US","og_type":"article","og_title":"Fortebraccio - Ramqui: iluminaci\u00f3n + ingenier\u00eda Elche","og_description":"Fortebraccio sets new standards for efficiency and practicality for desk lamps. The central joint allows the two arms to rotate independently on the horizontal and vertical axes, guaranteeing great fluidity of movement even in extreme and unusual positions.  The polycarbonate grip allows users to maneuver the lamp in a simple and manageable way.","og_url":"https:\/\/www.ramqui.com\/producto\/fortebraccio\/","og_site_name":"Ramqui: iluminaci\u00f3n + ingenier\u00eda Elche","article_publisher":"https:\/\/www.facebook.com\/estudioramqui","article_modified_time":"2020-05-05T07:43:22+00:00","og_image":[{"width":665,"height":750,"url":"https:\/\/www.ramqui.com\/wp-content\/uploads\/2018\/04\/forteraccio_principal.jpg","type":"image\/jpeg"}],"twitter_card":"summary_large_image","schema":{"@context":"https:\/\/schema.org","@graph":[{"@type":"WebPage","@id":"https:\/\/www.ramqui.com\/producto\/fortebraccio\/","url":"https:\/\/www.ramqui.com\/producto\/fortebraccio\/","name":"Fortebraccio - Ramqui: iluminaci\u00f3n + ingenier\u00eda Elche","isPartOf":{"@id":"https:\/\/www.ramqui.com\/#website"},"primaryImageOfPage":{"@id":"https:\/\/www.ramqui.com\/producto\/fortebraccio\/#primaryimage"},"image":{"@id":"https:\/\/www.ramqui.com\/producto\/fortebraccio\/#primaryimage"},"thumbnailUrl":"https:\/\/www.ramqui.com\/wp-content\/uploads\/2018\/04\/forteraccio_principal.jpg","datePublished":"2018-04-20T10:32:59+00:00","dateModified":"2020-05-05T07:43:22+00:00","breadcrumb":{"@id":"https:\/\/www.ramqui.com\/producto\/fortebraccio\/#breadcrumb"},"inLanguage":"en-US","potentialAction":[{"@type":"ReadAction","target":["https:\/\/www.ramqui.com\/producto\/fortebraccio\/"]}]},{"@type":"ImageObject","inLanguage":"en-US","@id":"https:\/\/www.ramqui.com\/producto\/fortebraccio\/#primaryimage","url":"https:\/\/www.ramqui.com\/wp-content\/uploads\/2018\/04\/forteraccio_principal.jpg","contentUrl":"https:\/\/www.ramqui.com\/wp-content\/uploads\/2018\/04\/forteraccio_principal.jpg","width":665,"height":750},{"@type":"BreadcrumbList","@id":"https:\/\/www.ramqui.com\/producto\/fortebraccio\/#breadcrumb","itemListElement":[{"@type":"ListItem","position":1,"name":"Portada","item":"https:\/\/www.ramqui.com\/en\/"},{"@type":"ListItem","position":2,"name":"Firmas","item":"https:\/\/www.ramqui.com\/tienda\/"},{"@type":"ListItem","position":3,"name":"Fortebraccio"}]},{"@type":"WebSite","@id":"https:\/\/www.ramqui.com\/#website","url":"https:\/\/www.ramqui.com\/","name":"Ramqui: iluminaci\u00f3n + ingenier\u00eda Elche","description":"Servicios de iluminaci\u00f3n e ingenier\u00eda en Elche y la provincia de Alicante. Dom\u00f3tica, instalaci\u00f3n, ahorro energ\u00e9tico, distribuci\u00f3n y venta.","potentialAction":[{"@type":"SearchAction","target":{"@type":"EntryPoint","urlTemplate":"https:\/\/www.ramqui.com\/?s={search_term_string}"},"query-input":{"@type":"PropertyValueSpecification","valueRequired":true,"valueName":"search_term_string"}}],"inLanguage":"en-US"}]}},"_links":{"self":[{"href":"https:\/\/www.ramqui.com\/en\/wp-json\/wp\/v2\/product\/11965\/"}],"collection":[{"href":"https:\/\/www.ramqui.com\/en\/wp-json\/wp\/v2\/product\/"}],"about":[{"href":"https:\/\/www.ramqui.com\/en\/wp-json\/wp\/v2\/types\/product\/"}],"wp:featuredmedia":[{"embeddable":true,"href":"https:\/\/www.ramqui.com\/en\/wp-json\/wp\/v2\/media\/11309\/"}],"wp:attachment":[{"href":"https:\/\/www.ramqui.com\/en\/wp-json\/wp\/v2\/media\/?parent=11965"}],"wp:term":[{"taxonomy":"product_brand","embeddable":true,"href":"https:\/\/www.ramqui.com\/en\/wp-json\/wp\/v2\/product_brand\/?post=11965"},{"taxonomy":"product_cat","embeddable":true,"href":"https:\/\/www.ramqui.com\/en\/wp-json\/wp\/v2\/product_cat\/?post=11965"},{"taxonomy":"product_tag","embeddable":true,"href":"https:\/\/www.ramqui.com\/en\/wp-json\/wp\/v2\/product_tag\/?post=11965"}],"curies":[{"name":"wp","href":"https:\/\/api.w.org\/{rel}","templated":true}]}}