{"id":11948,"date":"2018-05-24T07:40:35","date_gmt":"2018-05-24T07:40:35","guid":{"rendered":"http:\/\/www.ramqui.com\/producto\/night-owl\/"},"modified":"2020-04-30T10:14:32","modified_gmt":"2020-04-30T10:14:32","slug":"night-owl","status":"publish","type":"product","link":"https:\/\/www.ramqui.com\/en\/producto\/night-owl\/","title":{"rendered":"Night Owl"},"content":{"rendered":"<p><strong>MATERIALS<\/strong><\/p>\n<p>Aluminium.<\/p>\n<p><strong>FINISHES<\/strong><\/p>\n<p>White-Wood, Blue-wood, Blue Night.<\/p>\n<p><strong>POWER LIGHT<\/strong><\/p>\n<p>1 Led E27 15W<\/p>\n","protected":false},"excerpt":{"rendered":"<p id=\"tw-target-text\" class=\"tw-data-text tw-text-large tw-ta\" dir=\"ltr\" data-placeholder=\"Traducci\u00f3\"><span lang=\"en\">Nicholai Wiig Hansen&#8217;s inspiration to design the Night Owl \u2122 table lamp was his desire to create a warm and cozy Nordic light shed. The design is easy and expresses that this is an informal table lamp. It consists of a conical base and an oval shadow, merging to form a single unit of balanced proportions. Its organic design gives the lamp a friendly and almost human appearance: it is a lamp with personality. The color names are inspired by nature: midnight blue after infinity, sky blue shade at twilight; and white smokey after the bright light of the full moon. Night Owl \u2122 casts a warm and pleasant light down. The asymmetric tone provides an oval light diffusion. The shade can be placed in four different positions, allowing the black wire to come out of the lamp in the desired direction. Night Owl \u2122 is suitable to be placed on a sideboard, shelf, nightstand or in a window.<\/span><\/p>\n","protected":false},"featured_media":11633,"template":"","meta":{"_acf_changed":false},"product_brand":[],"product_cat":[423],"product_tag":[],"class_list":{"0":"post-11948","1":"product","2":"type-product","3":"status-publish","4":"has-post-thumbnail","6":"product_cat-423","8":"first","9":"instock","10":"shipping-taxable","11":"purchasable","12":"product-type-simple"},"acf":[],"yoast_head":"<!-- This site is optimized with the Yoast SEO plugin v27.2 - https:\/\/yoast.com\/product\/yoast-seo-wordpress\/ -->\n<title>Night Owl - Ramqui: iluminaci\u00f3n + ingenier\u00eda Elche<\/title>\n<meta name=\"robots\" content=\"index, follow, max-snippet:-1, max-image-preview:large, max-video-preview:-1\" \/>\n<link rel=\"canonical\" href=\"https:\/\/www.ramqui.com\/producto\/night-owl\/\" \/>\n<meta property=\"og:locale\" content=\"en_US\" \/>\n<meta property=\"og:type\" content=\"article\" \/>\n<meta property=\"og:title\" content=\"Night Owl - Ramqui: iluminaci\u00f3n + ingenier\u00eda Elche\" \/>\n<meta property=\"og:description\" content=\"Nicholai Wiig Hansen&#039;s inspiration to design the Night Owl \u2122 table lamp was his desire to create a warm and cozy Nordic light shed. The design is easy and expresses that this is an informal table lamp. It consists of a conical base and an oval shadow, merging to form a single unit of balanced proportions. Its organic design gives the lamp a friendly and almost human appearance: it is a lamp with personality. The color names are inspired by nature: midnight blue after infinity, sky blue shade at twilight; and white smokey after the bright light of the full moon. Night Owl \u2122 casts a warm and pleasant light down. The asymmetric tone provides an oval light diffusion. The shade can be placed in four different positions, allowing the black wire to come out of the lamp in the desired direction. Night Owl \u2122 is suitable to be placed on a sideboard, shelf, nightstand or in a window.\" \/>\n<meta property=\"og:url\" content=\"https:\/\/www.ramqui.com\/producto\/night-owl\/\" \/>\n<meta property=\"og:site_name\" content=\"Ramqui: iluminaci\u00f3n + ingenier\u00eda Elche\" \/>\n<meta property=\"article:publisher\" content=\"https:\/\/www.facebook.com\/estudioramqui\" \/>\n<meta property=\"article:modified_time\" content=\"2020-04-30T10:14:32+00:00\" \/>\n<meta property=\"og:image\" content=\"https:\/\/www.ramqui.com\/wp-content\/uploads\/2018\/05\/night_owl_t_principal.jpg\" \/>\n\t<meta property=\"og:image:width\" content=\"665\" \/>\n\t<meta property=\"og:image:height\" content=\"750\" \/>\n\t<meta property=\"og:image:type\" content=\"image\/jpeg\" \/>\n<meta name=\"twitter:card\" content=\"summary_large_image\" \/>\n<script type=\"application\/ld+json\" class=\"yoast-schema-graph\">{\"@context\":\"https:\/\/schema.org\",\"@graph\":[{\"@type\":\"WebPage\",\"@id\":\"https:\/\/www.ramqui.com\/producto\/night-owl\/\",\"url\":\"https:\/\/www.ramqui.com\/producto\/night-owl\/\",\"name\":\"Night Owl - Ramqui: iluminaci\u00f3n + ingenier\u00eda Elche\",\"isPartOf\":{\"@id\":\"https:\/\/www.ramqui.com\/#website\"},\"primaryImageOfPage\":{\"@id\":\"https:\/\/www.ramqui.com\/producto\/night-owl\/#primaryimage\"},\"image\":{\"@id\":\"https:\/\/www.ramqui.com\/producto\/night-owl\/#primaryimage\"},\"thumbnailUrl\":\"https:\/\/www.ramqui.com\/wp-content\/uploads\/2018\/05\/night_owl_t_principal.jpg\",\"datePublished\":\"2018-05-24T07:40:35+00:00\",\"dateModified\":\"2020-04-30T10:14:32+00:00\",\"breadcrumb\":{\"@id\":\"https:\/\/www.ramqui.com\/producto\/night-owl\/#breadcrumb\"},\"inLanguage\":\"en-US\",\"potentialAction\":[{\"@type\":\"ReadAction\",\"target\":[\"https:\/\/www.ramqui.com\/producto\/night-owl\/\"]}]},{\"@type\":\"ImageObject\",\"inLanguage\":\"en-US\",\"@id\":\"https:\/\/www.ramqui.com\/producto\/night-owl\/#primaryimage\",\"url\":\"https:\/\/www.ramqui.com\/wp-content\/uploads\/2018\/05\/night_owl_t_principal.jpg\",\"contentUrl\":\"https:\/\/www.ramqui.com\/wp-content\/uploads\/2018\/05\/night_owl_t_principal.jpg\",\"width\":665,\"height\":750},{\"@type\":\"BreadcrumbList\",\"@id\":\"https:\/\/www.ramqui.com\/producto\/night-owl\/#breadcrumb\",\"itemListElement\":[{\"@type\":\"ListItem\",\"position\":1,\"name\":\"Portada\",\"item\":\"https:\/\/www.ramqui.com\/en\/\"},{\"@type\":\"ListItem\",\"position\":2,\"name\":\"Firmas\",\"item\":\"https:\/\/www.ramqui.com\/tienda\/\"},{\"@type\":\"ListItem\",\"position\":3,\"name\":\"Night Owl\"}]},{\"@type\":\"WebSite\",\"@id\":\"https:\/\/www.ramqui.com\/#website\",\"url\":\"https:\/\/www.ramqui.com\/\",\"name\":\"Ramqui: iluminaci\u00f3n + ingenier\u00eda Elche\",\"description\":\"Servicios de iluminaci\u00f3n e ingenier\u00eda en Elche y la provincia de Alicante. Dom\u00f3tica, instalaci\u00f3n, ahorro energ\u00e9tico, distribuci\u00f3n y venta.\",\"potentialAction\":[{\"@type\":\"SearchAction\",\"target\":{\"@type\":\"EntryPoint\",\"urlTemplate\":\"https:\/\/www.ramqui.com\/?s={search_term_string}\"},\"query-input\":{\"@type\":\"PropertyValueSpecification\",\"valueRequired\":true,\"valueName\":\"search_term_string\"}}],\"inLanguage\":\"en-US\"}]}<\/script>\n<!-- \/ Yoast SEO plugin. -->","yoast_head_json":{"title":"Night Owl - Ramqui: iluminaci\u00f3n + ingenier\u00eda Elche","robots":{"index":"index","follow":"follow","max-snippet":"max-snippet:-1","max-image-preview":"max-image-preview:large","max-video-preview":"max-video-preview:-1"},"canonical":"https:\/\/www.ramqui.com\/producto\/night-owl\/","og_locale":"en_US","og_type":"article","og_title":"Night Owl - Ramqui: iluminaci\u00f3n + ingenier\u00eda Elche","og_description":"Nicholai Wiig Hansen's inspiration to design the Night Owl \u2122 table lamp was his desire to create a warm and cozy Nordic light shed. The design is easy and expresses that this is an informal table lamp. It consists of a conical base and an oval shadow, merging to form a single unit of balanced proportions. Its organic design gives the lamp a friendly and almost human appearance: it is a lamp with personality. The color names are inspired by nature: midnight blue after infinity, sky blue shade at twilight; and white smokey after the bright light of the full moon. Night Owl \u2122 casts a warm and pleasant light down. The asymmetric tone provides an oval light diffusion. The shade can be placed in four different positions, allowing the black wire to come out of the lamp in the desired direction. Night Owl \u2122 is suitable to be placed on a sideboard, shelf, nightstand or in a window.","og_url":"https:\/\/www.ramqui.com\/producto\/night-owl\/","og_site_name":"Ramqui: iluminaci\u00f3n + ingenier\u00eda Elche","article_publisher":"https:\/\/www.facebook.com\/estudioramqui","article_modified_time":"2020-04-30T10:14:32+00:00","og_image":[{"width":665,"height":750,"url":"https:\/\/www.ramqui.com\/wp-content\/uploads\/2018\/05\/night_owl_t_principal.jpg","type":"image\/jpeg"}],"twitter_card":"summary_large_image","schema":{"@context":"https:\/\/schema.org","@graph":[{"@type":"WebPage","@id":"https:\/\/www.ramqui.com\/producto\/night-owl\/","url":"https:\/\/www.ramqui.com\/producto\/night-owl\/","name":"Night Owl - Ramqui: iluminaci\u00f3n + ingenier\u00eda Elche","isPartOf":{"@id":"https:\/\/www.ramqui.com\/#website"},"primaryImageOfPage":{"@id":"https:\/\/www.ramqui.com\/producto\/night-owl\/#primaryimage"},"image":{"@id":"https:\/\/www.ramqui.com\/producto\/night-owl\/#primaryimage"},"thumbnailUrl":"https:\/\/www.ramqui.com\/wp-content\/uploads\/2018\/05\/night_owl_t_principal.jpg","datePublished":"2018-05-24T07:40:35+00:00","dateModified":"2020-04-30T10:14:32+00:00","breadcrumb":{"@id":"https:\/\/www.ramqui.com\/producto\/night-owl\/#breadcrumb"},"inLanguage":"en-US","potentialAction":[{"@type":"ReadAction","target":["https:\/\/www.ramqui.com\/producto\/night-owl\/"]}]},{"@type":"ImageObject","inLanguage":"en-US","@id":"https:\/\/www.ramqui.com\/producto\/night-owl\/#primaryimage","url":"https:\/\/www.ramqui.com\/wp-content\/uploads\/2018\/05\/night_owl_t_principal.jpg","contentUrl":"https:\/\/www.ramqui.com\/wp-content\/uploads\/2018\/05\/night_owl_t_principal.jpg","width":665,"height":750},{"@type":"BreadcrumbList","@id":"https:\/\/www.ramqui.com\/producto\/night-owl\/#breadcrumb","itemListElement":[{"@type":"ListItem","position":1,"name":"Portada","item":"https:\/\/www.ramqui.com\/en\/"},{"@type":"ListItem","position":2,"name":"Firmas","item":"https:\/\/www.ramqui.com\/tienda\/"},{"@type":"ListItem","position":3,"name":"Night Owl"}]},{"@type":"WebSite","@id":"https:\/\/www.ramqui.com\/#website","url":"https:\/\/www.ramqui.com\/","name":"Ramqui: iluminaci\u00f3n + ingenier\u00eda Elche","description":"Servicios de iluminaci\u00f3n e ingenier\u00eda en Elche y la provincia de Alicante. Dom\u00f3tica, instalaci\u00f3n, ahorro energ\u00e9tico, distribuci\u00f3n y venta.","potentialAction":[{"@type":"SearchAction","target":{"@type":"EntryPoint","urlTemplate":"https:\/\/www.ramqui.com\/?s={search_term_string}"},"query-input":{"@type":"PropertyValueSpecification","valueRequired":true,"valueName":"search_term_string"}}],"inLanguage":"en-US"}]}},"_links":{"self":[{"href":"https:\/\/www.ramqui.com\/en\/wp-json\/wp\/v2\/product\/11948\/"}],"collection":[{"href":"https:\/\/www.ramqui.com\/en\/wp-json\/wp\/v2\/product\/"}],"about":[{"href":"https:\/\/www.ramqui.com\/en\/wp-json\/wp\/v2\/types\/product\/"}],"wp:featuredmedia":[{"embeddable":true,"href":"https:\/\/www.ramqui.com\/en\/wp-json\/wp\/v2\/media\/11633\/"}],"wp:attachment":[{"href":"https:\/\/www.ramqui.com\/en\/wp-json\/wp\/v2\/media\/?parent=11948"}],"wp:term":[{"taxonomy":"product_brand","embeddable":true,"href":"https:\/\/www.ramqui.com\/en\/wp-json\/wp\/v2\/product_brand\/?post=11948"},{"taxonomy":"product_cat","embeddable":true,"href":"https:\/\/www.ramqui.com\/en\/wp-json\/wp\/v2\/product_cat\/?post=11948"},{"taxonomy":"product_tag","embeddable":true,"href":"https:\/\/www.ramqui.com\/en\/wp-json\/wp\/v2\/product_tag\/?post=11948"}],"curies":[{"name":"wp","href":"https:\/\/api.w.org\/{rel}","templated":true}]}}