{"id":11947,"date":"2018-05-24T07:43:46","date_gmt":"2018-05-24T07:43:46","guid":{"rendered":"http:\/\/www.ramqui.com\/producto\/orient\/"},"modified":"2020-04-30T10:12:07","modified_gmt":"2020-04-30T10:12:07","slug":"orient","status":"publish","type":"product","link":"https:\/\/www.ramqui.com\/en\/producto\/orient\/","title":{"rendered":"Orient"},"content":{"rendered":"<p><strong>MATERIALS<\/strong><\/p>\n<p>Aluminium, Wood.<\/p>\n<p><strong>FINISHES<\/strong><\/p>\n<p>Cooper, Black-Wood.<\/p>\n<p><strong>POWER LIGHT<\/strong><\/p>\n<p>1 Led 15W E27<\/p>\n","protected":false},"excerpt":{"rendered":"<p id=\"tw-target-text\" class=\"tw-data-text tw-text-large tw-ta\" dir=\"ltr\" data-placeholder=\"Traducci\u00f3\"><span lang=\"en\">Orient \u2122 was designed by Jo Hammerborg in 1963 and relaunched by Lightyears in 2013, on one of the five different surfaces originally. In close collaboration with the Hammerborgs, heirs to Jo Hammerborg&#8217;s designs, Lightyears is launching a revamped version of the famous pendant, Orient Black \u2122 &#8211; a matte black aluminum pendant inspired by the original black design but with a modern twist. The matte surface makes the timeless design look simpler and purer. The shade seems more understated, while giving the dark rosewood grain a more prominent role. The fixture elegantly hides the low-energy light source and ensures a glare-free, pleasant light. Diameter 225mm. <\/span><\/p>\n<p class=\"tw-data-text tw-text-large tw-ta\" dir=\"ltr\" data-placeholder=\"Traducci\u00f3\"><span lang=\"en\">Available in three sizes<\/span><\/p>\n","protected":false},"featured_media":11643,"template":"","meta":{"_acf_changed":false},"product_brand":[],"product_cat":[423],"product_tag":[],"class_list":{"0":"post-11947","1":"product","2":"type-product","3":"status-publish","4":"has-post-thumbnail","6":"product_cat-423","8":"first","9":"instock","10":"shipping-taxable","11":"purchasable","12":"product-type-simple"},"acf":[],"yoast_head":"<!-- This site is optimized with the Yoast SEO plugin v27.2 - https:\/\/yoast.com\/product\/yoast-seo-wordpress\/ -->\n<title>Orient - Ramqui: iluminaci\u00f3n + ingenier\u00eda Elche<\/title>\n<meta name=\"robots\" content=\"index, follow, max-snippet:-1, max-image-preview:large, max-video-preview:-1\" \/>\n<link rel=\"canonical\" href=\"https:\/\/www.ramqui.com\/producto\/orient\/\" \/>\n<meta property=\"og:locale\" content=\"en_US\" \/>\n<meta property=\"og:type\" content=\"article\" \/>\n<meta property=\"og:title\" content=\"Orient - Ramqui: iluminaci\u00f3n + ingenier\u00eda Elche\" \/>\n<meta property=\"og:description\" content=\"Orient \u2122 was designed by Jo Hammerborg in 1963 and relaunched by Lightyears in 2013, on one of the five different surfaces originally. In close collaboration with the Hammerborgs, heirs to Jo Hammerborg&#039;s designs, Lightyears is launching a revamped version of the famous pendant, Orient Black \u2122 - a matte black aluminum pendant inspired by the original black design but with a modern twist. The matte surface makes the timeless design look simpler and purer. The shade seems more understated, while giving the dark rosewood grain a more prominent role. The fixture elegantly hides the low-energy light source and ensures a glare-free, pleasant light. Diameter 225mm.  Available in three sizes\" \/>\n<meta property=\"og:url\" content=\"https:\/\/www.ramqui.com\/producto\/orient\/\" \/>\n<meta property=\"og:site_name\" content=\"Ramqui: iluminaci\u00f3n + ingenier\u00eda Elche\" \/>\n<meta property=\"article:publisher\" content=\"https:\/\/www.facebook.com\/estudioramqui\" \/>\n<meta property=\"article:modified_time\" content=\"2020-04-30T10:12:07+00:00\" \/>\n<meta property=\"og:image\" content=\"https:\/\/www.ramqui.com\/wp-content\/uploads\/2018\/05\/orient_s_principal.jpg\" \/>\n\t<meta property=\"og:image:width\" content=\"665\" \/>\n\t<meta property=\"og:image:height\" content=\"750\" \/>\n\t<meta property=\"og:image:type\" content=\"image\/jpeg\" \/>\n<meta name=\"twitter:card\" content=\"summary_large_image\" \/>\n<script type=\"application\/ld+json\" class=\"yoast-schema-graph\">{\"@context\":\"https:\/\/schema.org\",\"@graph\":[{\"@type\":\"WebPage\",\"@id\":\"https:\/\/www.ramqui.com\/producto\/orient\/\",\"url\":\"https:\/\/www.ramqui.com\/producto\/orient\/\",\"name\":\"Orient - Ramqui: iluminaci\u00f3n + ingenier\u00eda Elche\",\"isPartOf\":{\"@id\":\"https:\/\/www.ramqui.com\/#website\"},\"primaryImageOfPage\":{\"@id\":\"https:\/\/www.ramqui.com\/producto\/orient\/#primaryimage\"},\"image\":{\"@id\":\"https:\/\/www.ramqui.com\/producto\/orient\/#primaryimage\"},\"thumbnailUrl\":\"https:\/\/www.ramqui.com\/wp-content\/uploads\/2018\/05\/orient_s_principal.jpg\",\"datePublished\":\"2018-05-24T07:43:46+00:00\",\"dateModified\":\"2020-04-30T10:12:07+00:00\",\"breadcrumb\":{\"@id\":\"https:\/\/www.ramqui.com\/producto\/orient\/#breadcrumb\"},\"inLanguage\":\"en-US\",\"potentialAction\":[{\"@type\":\"ReadAction\",\"target\":[\"https:\/\/www.ramqui.com\/producto\/orient\/\"]}]},{\"@type\":\"ImageObject\",\"inLanguage\":\"en-US\",\"@id\":\"https:\/\/www.ramqui.com\/producto\/orient\/#primaryimage\",\"url\":\"https:\/\/www.ramqui.com\/wp-content\/uploads\/2018\/05\/orient_s_principal.jpg\",\"contentUrl\":\"https:\/\/www.ramqui.com\/wp-content\/uploads\/2018\/05\/orient_s_principal.jpg\",\"width\":665,\"height\":750},{\"@type\":\"BreadcrumbList\",\"@id\":\"https:\/\/www.ramqui.com\/producto\/orient\/#breadcrumb\",\"itemListElement\":[{\"@type\":\"ListItem\",\"position\":1,\"name\":\"Portada\",\"item\":\"https:\/\/www.ramqui.com\/en\/\"},{\"@type\":\"ListItem\",\"position\":2,\"name\":\"Firmas\",\"item\":\"https:\/\/www.ramqui.com\/tienda\/\"},{\"@type\":\"ListItem\",\"position\":3,\"name\":\"Orient\"}]},{\"@type\":\"WebSite\",\"@id\":\"https:\/\/www.ramqui.com\/#website\",\"url\":\"https:\/\/www.ramqui.com\/\",\"name\":\"Ramqui: iluminaci\u00f3n + ingenier\u00eda Elche\",\"description\":\"Servicios de iluminaci\u00f3n e ingenier\u00eda en Elche y la provincia de Alicante. Dom\u00f3tica, instalaci\u00f3n, ahorro energ\u00e9tico, distribuci\u00f3n y venta.\",\"potentialAction\":[{\"@type\":\"SearchAction\",\"target\":{\"@type\":\"EntryPoint\",\"urlTemplate\":\"https:\/\/www.ramqui.com\/?s={search_term_string}\"},\"query-input\":{\"@type\":\"PropertyValueSpecification\",\"valueRequired\":true,\"valueName\":\"search_term_string\"}}],\"inLanguage\":\"en-US\"}]}<\/script>\n<!-- \/ Yoast SEO plugin. -->","yoast_head_json":{"title":"Orient - Ramqui: iluminaci\u00f3n + ingenier\u00eda Elche","robots":{"index":"index","follow":"follow","max-snippet":"max-snippet:-1","max-image-preview":"max-image-preview:large","max-video-preview":"max-video-preview:-1"},"canonical":"https:\/\/www.ramqui.com\/producto\/orient\/","og_locale":"en_US","og_type":"article","og_title":"Orient - Ramqui: iluminaci\u00f3n + ingenier\u00eda Elche","og_description":"Orient \u2122 was designed by Jo Hammerborg in 1963 and relaunched by Lightyears in 2013, on one of the five different surfaces originally. In close collaboration with the Hammerborgs, heirs to Jo Hammerborg's designs, Lightyears is launching a revamped version of the famous pendant, Orient Black \u2122 - a matte black aluminum pendant inspired by the original black design but with a modern twist. The matte surface makes the timeless design look simpler and purer. The shade seems more understated, while giving the dark rosewood grain a more prominent role. The fixture elegantly hides the low-energy light source and ensures a glare-free, pleasant light. Diameter 225mm.  Available in three sizes","og_url":"https:\/\/www.ramqui.com\/producto\/orient\/","og_site_name":"Ramqui: iluminaci\u00f3n + ingenier\u00eda Elche","article_publisher":"https:\/\/www.facebook.com\/estudioramqui","article_modified_time":"2020-04-30T10:12:07+00:00","og_image":[{"width":665,"height":750,"url":"https:\/\/www.ramqui.com\/wp-content\/uploads\/2018\/05\/orient_s_principal.jpg","type":"image\/jpeg"}],"twitter_card":"summary_large_image","schema":{"@context":"https:\/\/schema.org","@graph":[{"@type":"WebPage","@id":"https:\/\/www.ramqui.com\/producto\/orient\/","url":"https:\/\/www.ramqui.com\/producto\/orient\/","name":"Orient - Ramqui: iluminaci\u00f3n + ingenier\u00eda Elche","isPartOf":{"@id":"https:\/\/www.ramqui.com\/#website"},"primaryImageOfPage":{"@id":"https:\/\/www.ramqui.com\/producto\/orient\/#primaryimage"},"image":{"@id":"https:\/\/www.ramqui.com\/producto\/orient\/#primaryimage"},"thumbnailUrl":"https:\/\/www.ramqui.com\/wp-content\/uploads\/2018\/05\/orient_s_principal.jpg","datePublished":"2018-05-24T07:43:46+00:00","dateModified":"2020-04-30T10:12:07+00:00","breadcrumb":{"@id":"https:\/\/www.ramqui.com\/producto\/orient\/#breadcrumb"},"inLanguage":"en-US","potentialAction":[{"@type":"ReadAction","target":["https:\/\/www.ramqui.com\/producto\/orient\/"]}]},{"@type":"ImageObject","inLanguage":"en-US","@id":"https:\/\/www.ramqui.com\/producto\/orient\/#primaryimage","url":"https:\/\/www.ramqui.com\/wp-content\/uploads\/2018\/05\/orient_s_principal.jpg","contentUrl":"https:\/\/www.ramqui.com\/wp-content\/uploads\/2018\/05\/orient_s_principal.jpg","width":665,"height":750},{"@type":"BreadcrumbList","@id":"https:\/\/www.ramqui.com\/producto\/orient\/#breadcrumb","itemListElement":[{"@type":"ListItem","position":1,"name":"Portada","item":"https:\/\/www.ramqui.com\/en\/"},{"@type":"ListItem","position":2,"name":"Firmas","item":"https:\/\/www.ramqui.com\/tienda\/"},{"@type":"ListItem","position":3,"name":"Orient"}]},{"@type":"WebSite","@id":"https:\/\/www.ramqui.com\/#website","url":"https:\/\/www.ramqui.com\/","name":"Ramqui: iluminaci\u00f3n + ingenier\u00eda Elche","description":"Servicios de iluminaci\u00f3n e ingenier\u00eda en Elche y la provincia de Alicante. Dom\u00f3tica, instalaci\u00f3n, ahorro energ\u00e9tico, distribuci\u00f3n y venta.","potentialAction":[{"@type":"SearchAction","target":{"@type":"EntryPoint","urlTemplate":"https:\/\/www.ramqui.com\/?s={search_term_string}"},"query-input":{"@type":"PropertyValueSpecification","valueRequired":true,"valueName":"search_term_string"}}],"inLanguage":"en-US"}]}},"_links":{"self":[{"href":"https:\/\/www.ramqui.com\/en\/wp-json\/wp\/v2\/product\/11947\/"}],"collection":[{"href":"https:\/\/www.ramqui.com\/en\/wp-json\/wp\/v2\/product\/"}],"about":[{"href":"https:\/\/www.ramqui.com\/en\/wp-json\/wp\/v2\/types\/product\/"}],"wp:featuredmedia":[{"embeddable":true,"href":"https:\/\/www.ramqui.com\/en\/wp-json\/wp\/v2\/media\/11643\/"}],"wp:attachment":[{"href":"https:\/\/www.ramqui.com\/en\/wp-json\/wp\/v2\/media\/?parent=11947"}],"wp:term":[{"taxonomy":"product_brand","embeddable":true,"href":"https:\/\/www.ramqui.com\/en\/wp-json\/wp\/v2\/product_brand\/?post=11947"},{"taxonomy":"product_cat","embeddable":true,"href":"https:\/\/www.ramqui.com\/en\/wp-json\/wp\/v2\/product_cat\/?post=11947"},{"taxonomy":"product_tag","embeddable":true,"href":"https:\/\/www.ramqui.com\/en\/wp-json\/wp\/v2\/product_tag\/?post=11947"}],"curies":[{"name":"wp","href":"https:\/\/api.w.org\/{rel}","templated":true}]}}