{"id":11820,"date":"2020-04-23T09:05:26","date_gmt":"2020-04-23T09:05:26","guid":{"rendered":"http:\/\/www.ramqui.com\/?post_type=product&#038;p=11820"},"modified":"2020-04-28T09:00:42","modified_gmt":"2020-04-28T09:00:42","slug":"half-25-p","status":"publish","type":"product","link":"https:\/\/www.ramqui.com\/en\/producto\/half-25-p\/","title":{"rendered":"HALF 25 P"},"content":{"rendered":"<p><strong>MATERIALS<\/strong><br \/>\nAluminium, glass blown<br \/>\n<strong>FINISHES<\/strong><br \/>\nBlack, vison, green olive<br \/>\n<strong>POWER LIGHT<\/strong><br \/>\n1 Led 9W E27<\/p>\n","protected":false},"excerpt":{"rendered":"<div id=\"KnM9nf\"><span style=\"font-family: Consolas, Monaco, monospace;\">Designed by FRANCESC RIF\u00c9. AN EMOTIONAL AND SINCERE INTERPRETATION OF THE MOON<\/span><\/div>\n<div class=\"oSioSc\">\n<div id=\"tw-target\">\n<div id=\"kAz1tf\" class=\"g9WsWb\">\n<div id=\"tw-target-text-container\" class=\"tw-ta-container hide-focus-ring tw-nfl\" tabindex=\"0\"><span lang=\"en\">Through the maximum simplicity of the circle and subtle movements, the new Half collection, designed by Francesc Rif\u00e9, shows us new choreographies of light dancing in space and rotating on itself. Half has become a tool for narrating a cosmic journey, providing deeply moving impressions. We travel with it along the most emotional lines of minimalism, adopting a simple, flexible, versatile language, with a long path of possibilities, heights and positions. Like the moon, it can rotate on itself at the same time that it does around the Earth, controlling its luminosity and its shadows. It seems to continually change shape, but this perception is nothing more than the angles from which people view the illuminated part of its surface. From their brightest expression to the darkest, they are reflected in a perfect circle that combines the translucency of the glass with the opacity of metal, seeking a constant link between light and movement. Available in three sizes.<\/span><\/div>\n<\/div>\n<\/div>\n<\/div>\n","protected":false},"featured_media":11683,"template":"","meta":{"_acf_changed":false},"product_brand":[],"product_cat":[376],"product_tag":[],"class_list":{"0":"post-11820","1":"product","2":"type-product","3":"status-publish","4":"has-post-thumbnail","6":"product_cat-milan-en","8":"first","9":"instock","10":"shipping-taxable","11":"purchasable","12":"product-type-simple"},"acf":[],"yoast_head":"<!-- This site is optimized with the Yoast SEO plugin v27.2 - https:\/\/yoast.com\/product\/yoast-seo-wordpress\/ -->\n<title>HALF 25 P - Ramqui: iluminaci\u00f3n + ingenier\u00eda Elche<\/title>\n<meta name=\"robots\" content=\"index, follow, max-snippet:-1, max-image-preview:large, max-video-preview:-1\" \/>\n<link rel=\"canonical\" href=\"https:\/\/www.ramqui.com\/producto\/half-25-p\/\" \/>\n<meta property=\"og:locale\" content=\"en_US\" \/>\n<meta property=\"og:type\" content=\"article\" \/>\n<meta property=\"og:title\" content=\"HALF 25 P - Ramqui: iluminaci\u00f3n + ingenier\u00eda Elche\" \/>\n<meta property=\"og:description\" content=\"Designed by FRANCESC RIF\u00c9. AN EMOTIONAL AND SINCERE INTERPRETATION OF THE MOON    Through the maximum simplicity of the circle and subtle movements, the new Half collection, designed by Francesc Rif\u00e9, shows us new choreographies of light dancing in space and rotating on itself. Half has become a tool for narrating a cosmic journey, providing deeply moving impressions. We travel with it along the most emotional lines of minimalism, adopting a simple, flexible, versatile language, with a long path of possibilities, heights and positions. Like the moon, it can rotate on itself at the same time that it does around the Earth, controlling its luminosity and its shadows. It seems to continually change shape, but this perception is nothing more than the angles from which people view the illuminated part of its surface. From their brightest expression to the darkest, they are reflected in a perfect circle that combines the translucency of the glass with the opacity of metal, seeking a constant link between light and movement. Available in three sizes.\" \/>\n<meta property=\"og:url\" content=\"https:\/\/www.ramqui.com\/producto\/half-25-p\/\" \/>\n<meta property=\"og:site_name\" content=\"Ramqui: iluminaci\u00f3n + ingenier\u00eda Elche\" \/>\n<meta property=\"article:publisher\" content=\"https:\/\/www.facebook.com\/estudioramqui\" \/>\n<meta property=\"article:modified_time\" content=\"2020-04-28T09:00:42+00:00\" \/>\n<meta property=\"og:image\" content=\"https:\/\/www.ramqui.com\/wp-content\/uploads\/2018\/05\/half_25_p_principal.jpg\" \/>\n\t<meta property=\"og:image:width\" content=\"665\" \/>\n\t<meta property=\"og:image:height\" content=\"750\" \/>\n\t<meta property=\"og:image:type\" content=\"image\/jpeg\" \/>\n<meta name=\"twitter:card\" content=\"summary_large_image\" \/>\n<script type=\"application\/ld+json\" class=\"yoast-schema-graph\">{\"@context\":\"https:\/\/schema.org\",\"@graph\":[{\"@type\":\"WebPage\",\"@id\":\"https:\/\/www.ramqui.com\/producto\/half-25-p\/\",\"url\":\"https:\/\/www.ramqui.com\/producto\/half-25-p\/\",\"name\":\"HALF 25 P - Ramqui: iluminaci\u00f3n + ingenier\u00eda Elche\",\"isPartOf\":{\"@id\":\"https:\/\/www.ramqui.com\/#website\"},\"primaryImageOfPage\":{\"@id\":\"https:\/\/www.ramqui.com\/producto\/half-25-p\/#primaryimage\"},\"image\":{\"@id\":\"https:\/\/www.ramqui.com\/producto\/half-25-p\/#primaryimage\"},\"thumbnailUrl\":\"https:\/\/www.ramqui.com\/wp-content\/uploads\/2018\/05\/half_25_p_principal.jpg\",\"datePublished\":\"2020-04-23T09:05:26+00:00\",\"dateModified\":\"2020-04-28T09:00:42+00:00\",\"breadcrumb\":{\"@id\":\"https:\/\/www.ramqui.com\/producto\/half-25-p\/#breadcrumb\"},\"inLanguage\":\"en-US\",\"potentialAction\":[{\"@type\":\"ReadAction\",\"target\":[\"https:\/\/www.ramqui.com\/producto\/half-25-p\/\"]}]},{\"@type\":\"ImageObject\",\"inLanguage\":\"en-US\",\"@id\":\"https:\/\/www.ramqui.com\/producto\/half-25-p\/#primaryimage\",\"url\":\"https:\/\/www.ramqui.com\/wp-content\/uploads\/2018\/05\/half_25_p_principal.jpg\",\"contentUrl\":\"https:\/\/www.ramqui.com\/wp-content\/uploads\/2018\/05\/half_25_p_principal.jpg\",\"width\":665,\"height\":750},{\"@type\":\"BreadcrumbList\",\"@id\":\"https:\/\/www.ramqui.com\/producto\/half-25-p\/#breadcrumb\",\"itemListElement\":[{\"@type\":\"ListItem\",\"position\":1,\"name\":\"Portada\",\"item\":\"https:\/\/www.ramqui.com\/en\/\"},{\"@type\":\"ListItem\",\"position\":2,\"name\":\"Firmas\",\"item\":\"https:\/\/www.ramqui.com\/tienda\/\"},{\"@type\":\"ListItem\",\"position\":3,\"name\":\"HALF 25 P\"}]},{\"@type\":\"WebSite\",\"@id\":\"https:\/\/www.ramqui.com\/#website\",\"url\":\"https:\/\/www.ramqui.com\/\",\"name\":\"Ramqui: iluminaci\u00f3n + ingenier\u00eda Elche\",\"description\":\"Servicios de iluminaci\u00f3n e ingenier\u00eda en Elche y la provincia de Alicante. Dom\u00f3tica, instalaci\u00f3n, ahorro energ\u00e9tico, distribuci\u00f3n y venta.\",\"potentialAction\":[{\"@type\":\"SearchAction\",\"target\":{\"@type\":\"EntryPoint\",\"urlTemplate\":\"https:\/\/www.ramqui.com\/?s={search_term_string}\"},\"query-input\":{\"@type\":\"PropertyValueSpecification\",\"valueRequired\":true,\"valueName\":\"search_term_string\"}}],\"inLanguage\":\"en-US\"}]}<\/script>\n<!-- \/ Yoast SEO plugin. -->","yoast_head_json":{"title":"HALF 25 P - Ramqui: iluminaci\u00f3n + ingenier\u00eda Elche","robots":{"index":"index","follow":"follow","max-snippet":"max-snippet:-1","max-image-preview":"max-image-preview:large","max-video-preview":"max-video-preview:-1"},"canonical":"https:\/\/www.ramqui.com\/producto\/half-25-p\/","og_locale":"en_US","og_type":"article","og_title":"HALF 25 P - Ramqui: iluminaci\u00f3n + ingenier\u00eda Elche","og_description":"Designed by FRANCESC RIF\u00c9. AN EMOTIONAL AND SINCERE INTERPRETATION OF THE MOON    Through the maximum simplicity of the circle and subtle movements, the new Half collection, designed by Francesc Rif\u00e9, shows us new choreographies of light dancing in space and rotating on itself. Half has become a tool for narrating a cosmic journey, providing deeply moving impressions. We travel with it along the most emotional lines of minimalism, adopting a simple, flexible, versatile language, with a long path of possibilities, heights and positions. Like the moon, it can rotate on itself at the same time that it does around the Earth, controlling its luminosity and its shadows. It seems to continually change shape, but this perception is nothing more than the angles from which people view the illuminated part of its surface. From their brightest expression to the darkest, they are reflected in a perfect circle that combines the translucency of the glass with the opacity of metal, seeking a constant link between light and movement. Available in three sizes.","og_url":"https:\/\/www.ramqui.com\/producto\/half-25-p\/","og_site_name":"Ramqui: iluminaci\u00f3n + ingenier\u00eda Elche","article_publisher":"https:\/\/www.facebook.com\/estudioramqui","article_modified_time":"2020-04-28T09:00:42+00:00","og_image":[{"width":665,"height":750,"url":"https:\/\/www.ramqui.com\/wp-content\/uploads\/2018\/05\/half_25_p_principal.jpg","type":"image\/jpeg"}],"twitter_card":"summary_large_image","schema":{"@context":"https:\/\/schema.org","@graph":[{"@type":"WebPage","@id":"https:\/\/www.ramqui.com\/producto\/half-25-p\/","url":"https:\/\/www.ramqui.com\/producto\/half-25-p\/","name":"HALF 25 P - Ramqui: iluminaci\u00f3n + ingenier\u00eda Elche","isPartOf":{"@id":"https:\/\/www.ramqui.com\/#website"},"primaryImageOfPage":{"@id":"https:\/\/www.ramqui.com\/producto\/half-25-p\/#primaryimage"},"image":{"@id":"https:\/\/www.ramqui.com\/producto\/half-25-p\/#primaryimage"},"thumbnailUrl":"https:\/\/www.ramqui.com\/wp-content\/uploads\/2018\/05\/half_25_p_principal.jpg","datePublished":"2020-04-23T09:05:26+00:00","dateModified":"2020-04-28T09:00:42+00:00","breadcrumb":{"@id":"https:\/\/www.ramqui.com\/producto\/half-25-p\/#breadcrumb"},"inLanguage":"en-US","potentialAction":[{"@type":"ReadAction","target":["https:\/\/www.ramqui.com\/producto\/half-25-p\/"]}]},{"@type":"ImageObject","inLanguage":"en-US","@id":"https:\/\/www.ramqui.com\/producto\/half-25-p\/#primaryimage","url":"https:\/\/www.ramqui.com\/wp-content\/uploads\/2018\/05\/half_25_p_principal.jpg","contentUrl":"https:\/\/www.ramqui.com\/wp-content\/uploads\/2018\/05\/half_25_p_principal.jpg","width":665,"height":750},{"@type":"BreadcrumbList","@id":"https:\/\/www.ramqui.com\/producto\/half-25-p\/#breadcrumb","itemListElement":[{"@type":"ListItem","position":1,"name":"Portada","item":"https:\/\/www.ramqui.com\/en\/"},{"@type":"ListItem","position":2,"name":"Firmas","item":"https:\/\/www.ramqui.com\/tienda\/"},{"@type":"ListItem","position":3,"name":"HALF 25 P"}]},{"@type":"WebSite","@id":"https:\/\/www.ramqui.com\/#website","url":"https:\/\/www.ramqui.com\/","name":"Ramqui: iluminaci\u00f3n + ingenier\u00eda Elche","description":"Servicios de iluminaci\u00f3n e ingenier\u00eda en Elche y la provincia de Alicante. Dom\u00f3tica, instalaci\u00f3n, ahorro energ\u00e9tico, distribuci\u00f3n y venta.","potentialAction":[{"@type":"SearchAction","target":{"@type":"EntryPoint","urlTemplate":"https:\/\/www.ramqui.com\/?s={search_term_string}"},"query-input":{"@type":"PropertyValueSpecification","valueRequired":true,"valueName":"search_term_string"}}],"inLanguage":"en-US"}]}},"_links":{"self":[{"href":"https:\/\/www.ramqui.com\/en\/wp-json\/wp\/v2\/product\/11820\/"}],"collection":[{"href":"https:\/\/www.ramqui.com\/en\/wp-json\/wp\/v2\/product\/"}],"about":[{"href":"https:\/\/www.ramqui.com\/en\/wp-json\/wp\/v2\/types\/product\/"}],"wp:featuredmedia":[{"embeddable":true,"href":"https:\/\/www.ramqui.com\/en\/wp-json\/wp\/v2\/media\/11683\/"}],"wp:attachment":[{"href":"https:\/\/www.ramqui.com\/en\/wp-json\/wp\/v2\/media\/?parent=11820"}],"wp:term":[{"taxonomy":"product_brand","embeddable":true,"href":"https:\/\/www.ramqui.com\/en\/wp-json\/wp\/v2\/product_brand\/?post=11820"},{"taxonomy":"product_cat","embeddable":true,"href":"https:\/\/www.ramqui.com\/en\/wp-json\/wp\/v2\/product_cat\/?post=11820"},{"taxonomy":"product_tag","embeddable":true,"href":"https:\/\/www.ramqui.com\/en\/wp-json\/wp\/v2\/product_tag\/?post=11820"}],"curies":[{"name":"wp","href":"https:\/\/api.w.org\/{rel}","templated":true}]}}