{"id":9953,"date":"2017-01-30T15:30:18","date_gmt":"2017-01-30T15:30:18","guid":{"rendered":"http:\/\/www.ramqui.com\/contacto\/"},"modified":"2024-09-10T07:59:58","modified_gmt":"2024-09-10T07:59:58","slug":"contact","status":"publish","type":"page","link":"https:\/\/www.ramqui.com\/en\/contact\/","title":{"rendered":"Contact"},"content":{"rendered":"<div class=\"wpb-content-wrapper\"><p>[vc_row row_content_width=&#8221;grid&#8221; css=&#8221;.vc_custom_1485947034945{padding-top: 102px !important;padding-bottom: 136px !important;}&#8221;][vc_column offset=&#8221;vc_col-lg-6&#8243; css=&#8221;.vc_custom_1485947282734{padding-right: 9% !important;}&#8221;][vc_column_text]<\/p>\n<h3>Ramqui i+i<\/h3>\n<p>[\/vc_column_text][vc_empty_space height=&#8221;14px&#8221;][vc_column_text css=&#8221;.vc_custom_1542123016819{margin-top: -2px !important;}&#8221;]Contact us \u00a0by filling in the form, by mail or phone. if you preffer, visit us in our facilities. We will happy to assist you and we will solve your doubts.[\/vc_column_text][vc_empty_space height=&#8221;14px&#8221;][vc_column_text css=&#8221;.vc_custom_1725955182870{margin-top: -5px !important;}&#8221;]Torres Quevedo 109 &#8211; bajo<br \/>\n03204 Elche (Alicante)<br \/>\n+34 <strong>966 635 470<\/strong><\/p>\n<p>WHATSAPP\u00a0 +34 <strong>695619093<\/strong><\/p>\n<p>GENERAL <a href=\"mailto:ramqui@ramqui.com\">ramqui@ramqui.com<\/a><br \/>\nLIGHTING:\u00a0<a href=\"mailto:proyectos@ramqui.com\">proyectos@ramqui.com<\/a><br \/>\nENGINEERING:\u00a0<a href=\"mailto:ingenieria@ramqui.com\">ingenieria@ramqui.com<\/a>[\/vc_column_text][vc_row_inner css=&#8221;.vc_custom_1485946682953{padding-top: 48px !important;}&#8221;][vc_column_inner][\/vc_column_inner][\/vc_row_inner][\/vc_column][vc_column offset=&#8221;vc_col-lg-6&#8243;][vc_empty_space height=&#8221;26px&#8221;]\n<div class=\"wpcf7 no-js\" id=\"wpcf7-f9957-o1\" lang=\"es-ES\" dir=\"ltr\" data-wpcf7-id=\"9957\">\n<div class=\"screen-reader-response\"><p role=\"status\" aria-live=\"polite\" aria-atomic=\"true\"><\/p> <ul><\/ul><\/div>\n<form action=\"\/en\/wp-json\/wp\/v2\/pages\/9953\/#wpcf7-f9957-o1\" method=\"post\" class=\"wpcf7-form init\" aria-label=\"Formulario de contacto\" novalidate=\"novalidate\" data-status=\"init\">\n<fieldset class=\"hidden-fields-container\"><input type=\"hidden\" name=\"_wpcf7\" value=\"9957\" \/><input type=\"hidden\" name=\"_wpcf7_version\" value=\"6.1.5\" \/><input type=\"hidden\" name=\"_wpcf7_locale\" value=\"es_ES\" \/><input type=\"hidden\" name=\"_wpcf7_unit_tag\" value=\"wpcf7-f9957-o1\" \/><input type=\"hidden\" name=\"_wpcf7_container_post\" value=\"0\" \/><input type=\"hidden\" name=\"_wpcf7_posted_data_hash\" value=\"\" \/><input type=\"hidden\" name=\"_wpcf7_recaptcha_response\" value=\"\" \/>\n<\/fieldset>\n<p><label><br \/>\n<span class=\"wpcf7-form-control-wrap\" data-name=\"your-name\"><input size=\"40\" maxlength=\"400\" class=\"wpcf7-form-control wpcf7-text\" aria-invalid=\"false\" placeholder=\"Name\" value=\"\" type=\"text\" name=\"your-name\" \/><\/span> <\/label>\n<\/p>\n<p><label><br \/>\n<span class=\"wpcf7-form-control-wrap\" data-name=\"your-email\"><input size=\"40\" maxlength=\"400\" class=\"wpcf7-form-control wpcf7-email wpcf7-validates-as-required wpcf7-text wpcf7-validates-as-email\" aria-required=\"true\" aria-invalid=\"false\" placeholder=\"Email\" value=\"\" type=\"email\" name=\"your-email\" \/><\/span> <\/label>\n<\/p>\n<p><label><br \/>\n<span class=\"wpcf7-form-control-wrap\" data-name=\"your-message\"><textarea cols=\"40\" rows=\"10\" maxlength=\"2000\" class=\"wpcf7-form-control wpcf7-textarea\" aria-invalid=\"false\" placeholder=\"Message\" name=\"your-message\"><\/textarea><\/span> <\/label><br \/>\n<label><br \/>\n<\/label><label><br \/>\n<span class=\"wpcf7-form-control-wrap\" data-name=\"acceptance-235\"><span class=\"wpcf7-form-control wpcf7-acceptance\"><span class=\"wpcf7-list-item\"><input type=\"checkbox\" name=\"acceptance-235\" value=\"1\" aria-invalid=\"false\" \/><\/span><\/span><\/span>I accept the terms of use and <a href=\"http:\/\/www.ramqui.com\/aviso-legal-politica-de-privacidad-y-cookies\/\" target=\"blank\" rel=\"nofollow\">the privacy policy<\/a><br \/>\n<\/label><br \/>\n<label><br \/>\n\t<br \/>\n<\/label>\n<\/p>\n<p><input class=\"wpcf7-form-control wpcf7-submit has-spinner\" type=\"submit\" value=\"SEND\" \/>\n<\/p><div class=\"wpcf7-response-output\" aria-hidden=\"true\"><\/div>\n<\/form>\n<\/div>\n[\/vc_column][\/vc_row][vc_row][vc_column]<div class=\"eltdf-google-map-holder\">\n\t<div class=\"eltdf-google-map\" id=\"eltdf-map-2613483\" data-addresses='[\"Carrer Torres Quevedo 109 03204\"]' data-custom-map-style=yes data-color-overlay=#000000 data-saturation=-100 data-lightness=0 data-zoom=12 data-pin=https:\/\/www.ramqui.com\/wp-content\/themes\/ambient\/assets\/img\/pin.png data-unique-id=2613483 data-scroll-wheel=no data-height=568><\/div>\n\t\t\t<div class=\"eltdf-google-map-overlay\"><\/div>\n\t<\/div>\n[\/vc_column][\/vc_row]<\/p>\n<\/div>","protected":false},"excerpt":{"rendered":"<p>[vc_row row_content_width=&#8221;grid&#8221; css=&#8221;.vc_custom_1485947034945{padding-top: 102px !important;padding-bottom: 136px !important;}&#8221;][vc_column offset=&#8221;vc_col-lg-6&#8243; css=&#8221;.vc_custom_1485947282734{padding-right: 9% !important;}&#8221;][vc_column_text] Ramqui i+i [\/vc_column_text][vc_empty_space height=&#8221;14px&#8221;][vc_column_text css=&#8221;.vc_custom_1542123016819{margin-top: -2px !important;}&#8221;]Contact us \u00a0by filling in the form, by mail or phone. if you preffer, visit us in our facilities. We will happy to assist you and we will [&hellip;]<\/p>\n","protected":false},"author":2,"featured_media":0,"parent":0,"menu_order":0,"comment_status":"closed","ping_status":"closed","template":"","meta":{"_acf_changed":false,"footnotes":""},"class_list":["post-9953","page","type-page","status-publish","hentry"],"acf":[],"yoast_head":"<!-- This site is optimized with the Yoast SEO plugin v27.2 - https:\/\/yoast.com\/product\/yoast-seo-wordpress\/ -->\n<title>Contact - Ramqui: iluminaci\u00f3n + ingenier\u00eda Elche<\/title>\n<meta name=\"robots\" content=\"index, follow, max-snippet:-1, max-image-preview:large, max-video-preview:-1\" \/>\n<link rel=\"canonical\" href=\"https:\/\/www.ramqui.com\/contacto\/\" \/>\n<meta property=\"og:locale\" content=\"en_US\" \/>\n<meta property=\"og:type\" content=\"article\" \/>\n<meta property=\"og:title\" content=\"Contact - Ramqui: iluminaci\u00f3n + ingenier\u00eda Elche\" \/>\n<meta property=\"og:description\" content=\"[vc_row row_content_width=&#8221;grid&#8221; css=&#8221;.vc_custom_1485947034945{padding-top: 102px !important;padding-bottom: 136px !important;}&#8221;][vc_column offset=&#8221;vc_col-lg-6&#8243; css=&#8221;.vc_custom_1485947282734{padding-right: 9% !important;}&#8221;][vc_column_text] Ramqui i+i [\/vc_column_text][vc_empty_space height=&#8221;14px&#8221;][vc_column_text css=&#8221;.vc_custom_1542123016819{margin-top: -2px !important;}&#8221;]Contact us \u00a0by filling in the form, by mail or phone. if you preffer, visit us in our facilities. We will happy to assist you and we will [&hellip;]\" \/>\n<meta property=\"og:url\" content=\"https:\/\/www.ramqui.com\/contacto\/\" \/>\n<meta property=\"og:site_name\" content=\"Ramqui: iluminaci\u00f3n + ingenier\u00eda Elche\" \/>\n<meta property=\"article:publisher\" content=\"https:\/\/www.facebook.com\/estudioramqui\" \/>\n<meta property=\"article:modified_time\" content=\"2024-09-10T07:59:58+00:00\" \/>\n<meta name=\"twitter:card\" content=\"summary_large_image\" \/>\n<meta name=\"twitter:label1\" content=\"Est. reading time\" \/>\n\t<meta name=\"twitter:data1\" content=\"1 minute\" \/>\n<script type=\"application\/ld+json\" class=\"yoast-schema-graph\">{\"@context\":\"https:\/\/schema.org\",\"@graph\":[{\"@type\":\"WebPage\",\"@id\":\"https:\/\/www.ramqui.com\/contacto\/\",\"url\":\"https:\/\/www.ramqui.com\/contacto\/\",\"name\":\"Contact - Ramqui: iluminaci\u00f3n + ingenier\u00eda Elche\",\"isPartOf\":{\"@id\":\"https:\/\/www.ramqui.com\/#website\"},\"datePublished\":\"2017-01-30T15:30:18+00:00\",\"dateModified\":\"2024-09-10T07:59:58+00:00\",\"breadcrumb\":{\"@id\":\"https:\/\/www.ramqui.com\/contacto\/#breadcrumb\"},\"inLanguage\":\"en-US\",\"potentialAction\":[{\"@type\":\"ReadAction\",\"target\":[\"https:\/\/www.ramqui.com\/contacto\/\"]}]},{\"@type\":\"BreadcrumbList\",\"@id\":\"https:\/\/www.ramqui.com\/contacto\/#breadcrumb\",\"itemListElement\":[{\"@type\":\"ListItem\",\"position\":1,\"name\":\"Portada\",\"item\":\"https:\/\/www.ramqui.com\/en\/\"},{\"@type\":\"ListItem\",\"position\":2,\"name\":\"Contact\"}]},{\"@type\":\"WebSite\",\"@id\":\"https:\/\/www.ramqui.com\/#website\",\"url\":\"https:\/\/www.ramqui.com\/\",\"name\":\"Ramqui: iluminaci\u00f3n + ingenier\u00eda Elche\",\"description\":\"Servicios de iluminaci\u00f3n e ingenier\u00eda en Elche y la provincia de Alicante. Dom\u00f3tica, instalaci\u00f3n, ahorro energ\u00e9tico, distribuci\u00f3n y venta.\",\"potentialAction\":[{\"@type\":\"SearchAction\",\"target\":{\"@type\":\"EntryPoint\",\"urlTemplate\":\"https:\/\/www.ramqui.com\/?s={search_term_string}\"},\"query-input\":{\"@type\":\"PropertyValueSpecification\",\"valueRequired\":true,\"valueName\":\"search_term_string\"}}],\"inLanguage\":\"en-US\"}]}<\/script>\n<!-- \/ Yoast SEO plugin. -->","yoast_head_json":{"title":"Contact - Ramqui: iluminaci\u00f3n + ingenier\u00eda Elche","robots":{"index":"index","follow":"follow","max-snippet":"max-snippet:-1","max-image-preview":"max-image-preview:large","max-video-preview":"max-video-preview:-1"},"canonical":"https:\/\/www.ramqui.com\/contacto\/","og_locale":"en_US","og_type":"article","og_title":"Contact - Ramqui: iluminaci\u00f3n + ingenier\u00eda Elche","og_description":"[vc_row row_content_width=&#8221;grid&#8221; css=&#8221;.vc_custom_1485947034945{padding-top: 102px !important;padding-bottom: 136px !important;}&#8221;][vc_column offset=&#8221;vc_col-lg-6&#8243; css=&#8221;.vc_custom_1485947282734{padding-right: 9% !important;}&#8221;][vc_column_text] Ramqui i+i [\/vc_column_text][vc_empty_space height=&#8221;14px&#8221;][vc_column_text css=&#8221;.vc_custom_1542123016819{margin-top: -2px !important;}&#8221;]Contact us \u00a0by filling in the form, by mail or phone. if you preffer, visit us in our facilities. We will happy to assist you and we will [&hellip;]","og_url":"https:\/\/www.ramqui.com\/contacto\/","og_site_name":"Ramqui: iluminaci\u00f3n + ingenier\u00eda Elche","article_publisher":"https:\/\/www.facebook.com\/estudioramqui","article_modified_time":"2024-09-10T07:59:58+00:00","twitter_card":"summary_large_image","twitter_misc":{"Est. reading time":"1 minute"},"schema":{"@context":"https:\/\/schema.org","@graph":[{"@type":"WebPage","@id":"https:\/\/www.ramqui.com\/contacto\/","url":"https:\/\/www.ramqui.com\/contacto\/","name":"Contact - Ramqui: iluminaci\u00f3n + ingenier\u00eda Elche","isPartOf":{"@id":"https:\/\/www.ramqui.com\/#website"},"datePublished":"2017-01-30T15:30:18+00:00","dateModified":"2024-09-10T07:59:58+00:00","breadcrumb":{"@id":"https:\/\/www.ramqui.com\/contacto\/#breadcrumb"},"inLanguage":"en-US","potentialAction":[{"@type":"ReadAction","target":["https:\/\/www.ramqui.com\/contacto\/"]}]},{"@type":"BreadcrumbList","@id":"https:\/\/www.ramqui.com\/contacto\/#breadcrumb","itemListElement":[{"@type":"ListItem","position":1,"name":"Portada","item":"https:\/\/www.ramqui.com\/en\/"},{"@type":"ListItem","position":2,"name":"Contact"}]},{"@type":"WebSite","@id":"https:\/\/www.ramqui.com\/#website","url":"https:\/\/www.ramqui.com\/","name":"Ramqui: iluminaci\u00f3n + ingenier\u00eda Elche","description":"Servicios de iluminaci\u00f3n e ingenier\u00eda en Elche y la provincia de Alicante. Dom\u00f3tica, instalaci\u00f3n, ahorro energ\u00e9tico, distribuci\u00f3n y venta.","potentialAction":[{"@type":"SearchAction","target":{"@type":"EntryPoint","urlTemplate":"https:\/\/www.ramqui.com\/?s={search_term_string}"},"query-input":{"@type":"PropertyValueSpecification","valueRequired":true,"valueName":"search_term_string"}}],"inLanguage":"en-US"}]}},"_links":{"self":[{"href":"https:\/\/www.ramqui.com\/en\/wp-json\/wp\/v2\/pages\/9953\/"}],"collection":[{"href":"https:\/\/www.ramqui.com\/en\/wp-json\/wp\/v2\/pages\/"}],"about":[{"href":"https:\/\/www.ramqui.com\/en\/wp-json\/wp\/v2\/types\/page\/"}],"author":[{"embeddable":true,"href":"https:\/\/www.ramqui.com\/en\/wp-json\/wp\/v2\/users\/2\/"}],"replies":[{"embeddable":true,"href":"https:\/\/www.ramqui.com\/en\/wp-json\/wp\/v2\/comments\/?post=9953"}],"version-history":[{"count":5,"href":"https:\/\/www.ramqui.com\/en\/wp-json\/wp\/v2\/pages\/9953\/revisions\/"}],"predecessor-version":[{"id":9955,"href":"https:\/\/www.ramqui.com\/en\/wp-json\/wp\/v2\/pages\/9953\/revisions\/9955\/"}],"wp:attachment":[{"href":"https:\/\/www.ramqui.com\/en\/wp-json\/wp\/v2\/media\/?parent=9953"}],"curies":[{"name":"wp","href":"https:\/\/api.w.org\/{rel}","templated":true}]}}