{"id":9949,"date":"2018-05-18T07:04:59","date_gmt":"2018-05-18T07:04:59","guid":{"rendered":"http:\/\/www.ramqui.com\/team\/roberto-quirant\/"},"modified":"2018-11-15T15:31:59","modified_gmt":"2018-11-15T15:31:59","slug":"roberto-quirant","status":"publish","type":"page","link":"https:\/\/www.ramqui.com\/en\/team\/roberto-quirant\/","title":{"rendered":"ROBERTO  QUIRANT RAM\u00d3N"},"content":{"rendered":"<div class=\"wpb-content-wrapper\"><p>[vc_row row_content_width=&#8221;grid&#8221; css=&#8221;.vc_custom_1516312469906{margin-top: 80px !important;}&#8221;][vc_column width=&#8221;1\/2&#8243;][vc_single_image image=&#8221;9006&#8243; img_size=&#8221;full&#8221;][\/vc_column][vc_column width=&#8221;1\/2&#8243;][vc_column_text]<\/p>\n<p style=\"font-size: 31px; margin-bottom: 18px;\">ROBERTO QUIRANT RAM\u00d3N<\/p>\n<p style=\"font-size: 30px; font-weight: 500; line-height: 30px;\">Designer-Projector<\/p>\n<p>&nbsp;<\/p>\n<p>Instructor of detailing through images and drawings the ideas and instructions necessary for a correct execution of our projects. Thanks to his visual-space intelligence, he has become the ultimate responsible for finishing drawings.<br \/>\nHis stay in London served to him to enrich his work skills and acquire the english language as a second language.<br \/>\nRoberto is a strong advocate of diversity and social inclusion, as well as human rights.[\/vc_column_text][vc_empty_space][vc_tta_accordion color=&#8221;white&#8221; active_section=&#8221;0&#8243; collapsible_all=&#8221;true&#8221;][vc_tta_section title=&#8221;CURRICULUM&#8221; tab_id=&#8221;1516312619364-5f1733c5-1bfa&#8221;][\/vc_tta_section][vc_tta_section title=&#8221;PROYECTOS&#8221; tab_id=&#8221;1516312619401-94b490a1-c52e&#8221;][\/vc_tta_section][\/vc_tta_accordion]<a itemprop=\"url\" href=\"http:\/\/www.ramqui.com\/en\/studio\/\" target=\"_self\"  class=\"eltdf-btn eltdf-btn-medium eltdf-btn-solid\"  >\n    <span class=\"eltdf-btn-text\">OUR STUDIO<\/span>\n    <\/a>[\/vc_column][\/vc_row]<\/p>\n<\/div>","protected":false},"excerpt":{"rendered":"<p>[vc_row row_content_width=&#8221;grid&#8221; css=&#8221;.vc_custom_1516312469906{margin-top: 80px !important;}&#8221;][vc_column width=&#8221;1\/2&#8243;][vc_single_image image=&#8221;9006&#8243; img_size=&#8221;full&#8221;][\/vc_column][vc_column width=&#8221;1\/2&#8243;][vc_column_text] ROBERTO QUIRANT RAM\u00d3N Designer-Projector &nbsp; Instructor of detailing through images and drawings the ideas and instructions necessary for a correct execution of our projects. Thanks to his visual-space intelligence, he has become the ultimate responsible for [&hellip;]<\/p>\n","protected":false},"author":2,"featured_media":0,"parent":9931,"menu_order":0,"comment_status":"closed","ping_status":"closed","template":"full-width.php","meta":{"_acf_changed":false,"footnotes":""},"class_list":["post-9949","page","type-page","status-publish","hentry"],"acf":[],"yoast_head":"<!-- This site is optimized with the Yoast SEO plugin v27.2 - https:\/\/yoast.com\/product\/yoast-seo-wordpress\/ -->\n<title>ROBERTO QUIRANT RAM\u00d3N - Ramqui: iluminaci\u00f3n + ingenier\u00eda Elche<\/title>\n<meta name=\"robots\" content=\"index, follow, max-snippet:-1, max-image-preview:large, max-video-preview:-1\" \/>\n<link rel=\"canonical\" href=\"https:\/\/www.ramqui.com\/equipo\/roberto-quirant\/\" \/>\n<meta property=\"og:locale\" content=\"en_US\" \/>\n<meta property=\"og:type\" content=\"article\" \/>\n<meta property=\"og:title\" content=\"ROBERTO QUIRANT RAM\u00d3N - Ramqui: iluminaci\u00f3n + ingenier\u00eda Elche\" \/>\n<meta property=\"og:description\" content=\"[vc_row row_content_width=&#8221;grid&#8221; css=&#8221;.vc_custom_1516312469906{margin-top: 80px !important;}&#8221;][vc_column width=&#8221;1\/2&#8243;][vc_single_image image=&#8221;9006&#8243; img_size=&#8221;full&#8221;][\/vc_column][vc_column width=&#8221;1\/2&#8243;][vc_column_text] ROBERTO QUIRANT RAM\u00d3N Designer-Projector &nbsp; Instructor of detailing through images and drawings the ideas and instructions necessary for a correct execution of our projects. Thanks to his visual-space intelligence, he has become the ultimate responsible for [&hellip;]\" \/>\n<meta property=\"og:url\" content=\"https:\/\/www.ramqui.com\/equipo\/roberto-quirant\/\" \/>\n<meta property=\"og:site_name\" content=\"Ramqui: iluminaci\u00f3n + ingenier\u00eda Elche\" \/>\n<meta property=\"article:publisher\" content=\"https:\/\/www.facebook.com\/estudioramqui\" \/>\n<meta property=\"article:modified_time\" content=\"2018-11-15T15:31:59+00:00\" \/>\n<meta name=\"twitter:card\" content=\"summary_large_image\" \/>\n<meta name=\"twitter:label1\" content=\"Est. reading time\" \/>\n\t<meta name=\"twitter:data1\" content=\"1 minute\" \/>\n<script type=\"application\/ld+json\" class=\"yoast-schema-graph\">{\"@context\":\"https:\/\/schema.org\",\"@graph\":[{\"@type\":\"WebPage\",\"@id\":\"https:\/\/www.ramqui.com\/equipo\/roberto-quirant\/\",\"url\":\"https:\/\/www.ramqui.com\/equipo\/roberto-quirant\/\",\"name\":\"ROBERTO QUIRANT RAM\u00d3N - Ramqui: iluminaci\u00f3n + ingenier\u00eda Elche\",\"isPartOf\":{\"@id\":\"https:\/\/www.ramqui.com\/#website\"},\"datePublished\":\"2018-05-18T07:04:59+00:00\",\"dateModified\":\"2018-11-15T15:31:59+00:00\",\"breadcrumb\":{\"@id\":\"https:\/\/www.ramqui.com\/equipo\/roberto-quirant\/#breadcrumb\"},\"inLanguage\":\"en-US\",\"potentialAction\":[{\"@type\":\"ReadAction\",\"target\":[\"https:\/\/www.ramqui.com\/equipo\/roberto-quirant\/\"]}]},{\"@type\":\"BreadcrumbList\",\"@id\":\"https:\/\/www.ramqui.com\/equipo\/roberto-quirant\/#breadcrumb\",\"itemListElement\":[{\"@type\":\"ListItem\",\"position\":1,\"name\":\"Portada\",\"item\":\"https:\/\/www.ramqui.com\/en\/\"},{\"@type\":\"ListItem\",\"position\":2,\"name\":\"Team\",\"item\":\"https:\/\/www.ramqui.com\/equipo\/\"},{\"@type\":\"ListItem\",\"position\":3,\"name\":\"ROBERTO QUIRANT RAM\u00d3N\"}]},{\"@type\":\"WebSite\",\"@id\":\"https:\/\/www.ramqui.com\/#website\",\"url\":\"https:\/\/www.ramqui.com\/\",\"name\":\"Ramqui: iluminaci\u00f3n + ingenier\u00eda Elche\",\"description\":\"Servicios de iluminaci\u00f3n e ingenier\u00eda en Elche y la provincia de Alicante. Dom\u00f3tica, instalaci\u00f3n, ahorro energ\u00e9tico, distribuci\u00f3n y venta.\",\"potentialAction\":[{\"@type\":\"SearchAction\",\"target\":{\"@type\":\"EntryPoint\",\"urlTemplate\":\"https:\/\/www.ramqui.com\/?s={search_term_string}\"},\"query-input\":{\"@type\":\"PropertyValueSpecification\",\"valueRequired\":true,\"valueName\":\"search_term_string\"}}],\"inLanguage\":\"en-US\"}]}<\/script>\n<!-- \/ Yoast SEO plugin. -->","yoast_head_json":{"title":"ROBERTO QUIRANT RAM\u00d3N - Ramqui: iluminaci\u00f3n + ingenier\u00eda Elche","robots":{"index":"index","follow":"follow","max-snippet":"max-snippet:-1","max-image-preview":"max-image-preview:large","max-video-preview":"max-video-preview:-1"},"canonical":"https:\/\/www.ramqui.com\/equipo\/roberto-quirant\/","og_locale":"en_US","og_type":"article","og_title":"ROBERTO QUIRANT RAM\u00d3N - Ramqui: iluminaci\u00f3n + ingenier\u00eda Elche","og_description":"[vc_row row_content_width=&#8221;grid&#8221; css=&#8221;.vc_custom_1516312469906{margin-top: 80px !important;}&#8221;][vc_column width=&#8221;1\/2&#8243;][vc_single_image image=&#8221;9006&#8243; img_size=&#8221;full&#8221;][\/vc_column][vc_column width=&#8221;1\/2&#8243;][vc_column_text] ROBERTO QUIRANT RAM\u00d3N Designer-Projector &nbsp; Instructor of detailing through images and drawings the ideas and instructions necessary for a correct execution of our projects. Thanks to his visual-space intelligence, he has become the ultimate responsible for [&hellip;]","og_url":"https:\/\/www.ramqui.com\/equipo\/roberto-quirant\/","og_site_name":"Ramqui: iluminaci\u00f3n + ingenier\u00eda Elche","article_publisher":"https:\/\/www.facebook.com\/estudioramqui","article_modified_time":"2018-11-15T15:31:59+00:00","twitter_card":"summary_large_image","twitter_misc":{"Est. reading time":"1 minute"},"schema":{"@context":"https:\/\/schema.org","@graph":[{"@type":"WebPage","@id":"https:\/\/www.ramqui.com\/equipo\/roberto-quirant\/","url":"https:\/\/www.ramqui.com\/equipo\/roberto-quirant\/","name":"ROBERTO QUIRANT RAM\u00d3N - Ramqui: iluminaci\u00f3n + ingenier\u00eda Elche","isPartOf":{"@id":"https:\/\/www.ramqui.com\/#website"},"datePublished":"2018-05-18T07:04:59+00:00","dateModified":"2018-11-15T15:31:59+00:00","breadcrumb":{"@id":"https:\/\/www.ramqui.com\/equipo\/roberto-quirant\/#breadcrumb"},"inLanguage":"en-US","potentialAction":[{"@type":"ReadAction","target":["https:\/\/www.ramqui.com\/equipo\/roberto-quirant\/"]}]},{"@type":"BreadcrumbList","@id":"https:\/\/www.ramqui.com\/equipo\/roberto-quirant\/#breadcrumb","itemListElement":[{"@type":"ListItem","position":1,"name":"Portada","item":"https:\/\/www.ramqui.com\/en\/"},{"@type":"ListItem","position":2,"name":"Team","item":"https:\/\/www.ramqui.com\/equipo\/"},{"@type":"ListItem","position":3,"name":"ROBERTO QUIRANT RAM\u00d3N"}]},{"@type":"WebSite","@id":"https:\/\/www.ramqui.com\/#website","url":"https:\/\/www.ramqui.com\/","name":"Ramqui: iluminaci\u00f3n + ingenier\u00eda Elche","description":"Servicios de iluminaci\u00f3n e ingenier\u00eda en Elche y la provincia de Alicante. Dom\u00f3tica, instalaci\u00f3n, ahorro energ\u00e9tico, distribuci\u00f3n y venta.","potentialAction":[{"@type":"SearchAction","target":{"@type":"EntryPoint","urlTemplate":"https:\/\/www.ramqui.com\/?s={search_term_string}"},"query-input":{"@type":"PropertyValueSpecification","valueRequired":true,"valueName":"search_term_string"}}],"inLanguage":"en-US"}]}},"_links":{"self":[{"href":"https:\/\/www.ramqui.com\/en\/wp-json\/wp\/v2\/pages\/9949\/"}],"collection":[{"href":"https:\/\/www.ramqui.com\/en\/wp-json\/wp\/v2\/pages\/"}],"about":[{"href":"https:\/\/www.ramqui.com\/en\/wp-json\/wp\/v2\/types\/page\/"}],"author":[{"embeddable":true,"href":"https:\/\/www.ramqui.com\/en\/wp-json\/wp\/v2\/users\/2\/"}],"replies":[{"embeddable":true,"href":"https:\/\/www.ramqui.com\/en\/wp-json\/wp\/v2\/comments\/?post=9949"}],"version-history":[{"count":3,"href":"https:\/\/www.ramqui.com\/en\/wp-json\/wp\/v2\/pages\/9949\/revisions\/"}],"predecessor-version":[{"id":11822,"href":"https:\/\/www.ramqui.com\/en\/wp-json\/wp\/v2\/pages\/9949\/revisions\/11822\/"}],"up":[{"embeddable":true,"href":"https:\/\/www.ramqui.com\/en\/wp-json\/wp\/v2\/pages\/9931\/"}],"wp:attachment":[{"href":"https:\/\/www.ramqui.com\/en\/wp-json\/wp\/v2\/media\/?parent=9949"}],"curies":[{"name":"wp","href":"https:\/\/api.w.org\/{rel}","templated":true}]}}