{"id":9935,"date":"2018-05-18T07:06:38","date_gmt":"2018-05-18T07:06:38","guid":{"rendered":"http:\/\/www.ramqui.com\/team\/antonio-quirant\/"},"modified":"2018-11-13T15:10:12","modified_gmt":"2018-11-13T15:10:12","slug":"antonio-quirant","status":"publish","type":"page","link":"https:\/\/www.ramqui.com\/en\/team\/antonio-quirant\/","title":{"rendered":"ANTONIO QUIRANT RAM\u00d3N"},"content":{"rendered":"<div class=\"wpb-content-wrapper\"><p>[vc_row row_content_width=&#8221;grid&#8221; css=&#8221;.vc_custom_1516312469906{margin-top: 80px !important;}&#8221;][vc_column width=&#8221;1\/2&#8243;][vc_single_image image=&#8221;9010&#8243; img_size=&#8221;full&#8221;][\/vc_column][vc_column width=&#8221;1\/2&#8243;][vc_column_text]<\/p>\n<p style=\"font-size: 31px; margin-bottom: 18px;\">ANTONIO QUIRANT RAM\u00d3N<\/p>\n<p style=\"font-size: 30px; font-weight: 500; line-height: 30px;\">Designer and project coordinator<\/p>\n<p>&nbsp;<\/p>\n<p>Person who is responsible for the creative area. He has the skill to visualize and design spaces where the light is the protagonist, creating shapes and strength to the home. His work is manage other members of the team in the execution of the project, also advicing the customers which is the best design opcion for the space.[\/vc_column_text][vc_empty_space][vc_tta_accordion color=&#8221;white&#8221; active_section=&#8221;0&#8243; collapsible_all=&#8221;true&#8221;][vc_tta_section title=&#8221;CURRICULUM&#8221; tab_id=&#8221;1516312619364-5f1733c5-1bfa&#8221;][\/vc_tta_section][vc_tta_section title=&#8221;PROYECTOS&#8221; tab_id=&#8221;1516312619401-94b490a1-c52e&#8221;][\/vc_tta_section][\/vc_tta_accordion]<a itemprop=\"url\" href=\"http:\/\/www.ramqui.com\/en\/studio\/\" target=\"_self\"  class=\"eltdf-btn eltdf-btn-medium eltdf-btn-solid\"  >\n    <span class=\"eltdf-btn-text\">OUR STUDIO<\/span>\n    <\/a>[vc_empty_space][\/vc_column][\/vc_row]<\/p>\n<\/div>","protected":false},"excerpt":{"rendered":"<p>[vc_row row_content_width=&#8221;grid&#8221; css=&#8221;.vc_custom_1516312469906{margin-top: 80px !important;}&#8221;][vc_column width=&#8221;1\/2&#8243;][vc_single_image image=&#8221;9010&#8243; img_size=&#8221;full&#8221;][\/vc_column][vc_column width=&#8221;1\/2&#8243;][vc_column_text] ANTONIO QUIRANT RAM\u00d3N Designer and project coordinator &nbsp; Person who is responsible for the creative area. He has the skill to visualize and design spaces where the light is the protagonist, creating shapes and strength to [&hellip;]<\/p>\n","protected":false},"author":2,"featured_media":0,"parent":9931,"menu_order":0,"comment_status":"closed","ping_status":"closed","template":"full-width.php","meta":{"_acf_changed":false,"footnotes":""},"class_list":["post-9935","page","type-page","status-publish","hentry"],"acf":[],"yoast_head":"<!-- This site is optimized with the Yoast SEO plugin v27.2 - https:\/\/yoast.com\/product\/yoast-seo-wordpress\/ -->\n<title>ANTONIO QUIRANT RAM\u00d3N - Ramqui: iluminaci\u00f3n + ingenier\u00eda Elche<\/title>\n<meta name=\"robots\" content=\"index, follow, max-snippet:-1, max-image-preview:large, max-video-preview:-1\" \/>\n<link rel=\"canonical\" href=\"https:\/\/www.ramqui.com\/equipo\/antonio-quirant\/\" \/>\n<meta property=\"og:locale\" content=\"en_US\" \/>\n<meta property=\"og:type\" content=\"article\" \/>\n<meta property=\"og:title\" content=\"ANTONIO QUIRANT RAM\u00d3N - Ramqui: iluminaci\u00f3n + ingenier\u00eda Elche\" \/>\n<meta property=\"og:description\" content=\"[vc_row row_content_width=&#8221;grid&#8221; css=&#8221;.vc_custom_1516312469906{margin-top: 80px !important;}&#8221;][vc_column width=&#8221;1\/2&#8243;][vc_single_image image=&#8221;9010&#8243; img_size=&#8221;full&#8221;][\/vc_column][vc_column width=&#8221;1\/2&#8243;][vc_column_text] ANTONIO QUIRANT RAM\u00d3N Designer and project coordinator &nbsp; Person who is responsible for the creative area. He has the skill to visualize and design spaces where the light is the protagonist, creating shapes and strength to [&hellip;]\" \/>\n<meta property=\"og:url\" content=\"https:\/\/www.ramqui.com\/equipo\/antonio-quirant\/\" \/>\n<meta property=\"og:site_name\" content=\"Ramqui: iluminaci\u00f3n + ingenier\u00eda Elche\" \/>\n<meta property=\"article:publisher\" content=\"https:\/\/www.facebook.com\/estudioramqui\" \/>\n<meta property=\"article:modified_time\" content=\"2018-11-13T15:10:12+00:00\" \/>\n<meta name=\"twitter:card\" content=\"summary_large_image\" \/>\n<meta name=\"twitter:label1\" content=\"Est. reading time\" \/>\n\t<meta name=\"twitter:data1\" content=\"1 minute\" \/>\n<script type=\"application\/ld+json\" class=\"yoast-schema-graph\">{\"@context\":\"https:\/\/schema.org\",\"@graph\":[{\"@type\":\"WebPage\",\"@id\":\"https:\/\/www.ramqui.com\/equipo\/antonio-quirant\/\",\"url\":\"https:\/\/www.ramqui.com\/equipo\/antonio-quirant\/\",\"name\":\"ANTONIO QUIRANT RAM\u00d3N - Ramqui: iluminaci\u00f3n + ingenier\u00eda Elche\",\"isPartOf\":{\"@id\":\"https:\/\/www.ramqui.com\/#website\"},\"datePublished\":\"2018-05-18T07:06:38+00:00\",\"dateModified\":\"2018-11-13T15:10:12+00:00\",\"breadcrumb\":{\"@id\":\"https:\/\/www.ramqui.com\/equipo\/antonio-quirant\/#breadcrumb\"},\"inLanguage\":\"en-US\",\"potentialAction\":[{\"@type\":\"ReadAction\",\"target\":[\"https:\/\/www.ramqui.com\/equipo\/antonio-quirant\/\"]}]},{\"@type\":\"BreadcrumbList\",\"@id\":\"https:\/\/www.ramqui.com\/equipo\/antonio-quirant\/#breadcrumb\",\"itemListElement\":[{\"@type\":\"ListItem\",\"position\":1,\"name\":\"Portada\",\"item\":\"https:\/\/www.ramqui.com\/en\/\"},{\"@type\":\"ListItem\",\"position\":2,\"name\":\"Team\",\"item\":\"https:\/\/www.ramqui.com\/equipo\/\"},{\"@type\":\"ListItem\",\"position\":3,\"name\":\"ANTONIO QUIRANT RAM\u00d3N\"}]},{\"@type\":\"WebSite\",\"@id\":\"https:\/\/www.ramqui.com\/#website\",\"url\":\"https:\/\/www.ramqui.com\/\",\"name\":\"Ramqui: iluminaci\u00f3n + ingenier\u00eda Elche\",\"description\":\"Servicios de iluminaci\u00f3n e ingenier\u00eda en Elche y la provincia de Alicante. Dom\u00f3tica, instalaci\u00f3n, ahorro energ\u00e9tico, distribuci\u00f3n y venta.\",\"potentialAction\":[{\"@type\":\"SearchAction\",\"target\":{\"@type\":\"EntryPoint\",\"urlTemplate\":\"https:\/\/www.ramqui.com\/?s={search_term_string}\"},\"query-input\":{\"@type\":\"PropertyValueSpecification\",\"valueRequired\":true,\"valueName\":\"search_term_string\"}}],\"inLanguage\":\"en-US\"}]}<\/script>\n<!-- \/ Yoast SEO plugin. -->","yoast_head_json":{"title":"ANTONIO QUIRANT RAM\u00d3N - Ramqui: iluminaci\u00f3n + ingenier\u00eda Elche","robots":{"index":"index","follow":"follow","max-snippet":"max-snippet:-1","max-image-preview":"max-image-preview:large","max-video-preview":"max-video-preview:-1"},"canonical":"https:\/\/www.ramqui.com\/equipo\/antonio-quirant\/","og_locale":"en_US","og_type":"article","og_title":"ANTONIO QUIRANT RAM\u00d3N - Ramqui: iluminaci\u00f3n + ingenier\u00eda Elche","og_description":"[vc_row row_content_width=&#8221;grid&#8221; css=&#8221;.vc_custom_1516312469906{margin-top: 80px !important;}&#8221;][vc_column width=&#8221;1\/2&#8243;][vc_single_image image=&#8221;9010&#8243; img_size=&#8221;full&#8221;][\/vc_column][vc_column width=&#8221;1\/2&#8243;][vc_column_text] ANTONIO QUIRANT RAM\u00d3N Designer and project coordinator &nbsp; Person who is responsible for the creative area. He has the skill to visualize and design spaces where the light is the protagonist, creating shapes and strength to [&hellip;]","og_url":"https:\/\/www.ramqui.com\/equipo\/antonio-quirant\/","og_site_name":"Ramqui: iluminaci\u00f3n + ingenier\u00eda Elche","article_publisher":"https:\/\/www.facebook.com\/estudioramqui","article_modified_time":"2018-11-13T15:10:12+00:00","twitter_card":"summary_large_image","twitter_misc":{"Est. reading time":"1 minute"},"schema":{"@context":"https:\/\/schema.org","@graph":[{"@type":"WebPage","@id":"https:\/\/www.ramqui.com\/equipo\/antonio-quirant\/","url":"https:\/\/www.ramqui.com\/equipo\/antonio-quirant\/","name":"ANTONIO QUIRANT RAM\u00d3N - Ramqui: iluminaci\u00f3n + ingenier\u00eda Elche","isPartOf":{"@id":"https:\/\/www.ramqui.com\/#website"},"datePublished":"2018-05-18T07:06:38+00:00","dateModified":"2018-11-13T15:10:12+00:00","breadcrumb":{"@id":"https:\/\/www.ramqui.com\/equipo\/antonio-quirant\/#breadcrumb"},"inLanguage":"en-US","potentialAction":[{"@type":"ReadAction","target":["https:\/\/www.ramqui.com\/equipo\/antonio-quirant\/"]}]},{"@type":"BreadcrumbList","@id":"https:\/\/www.ramqui.com\/equipo\/antonio-quirant\/#breadcrumb","itemListElement":[{"@type":"ListItem","position":1,"name":"Portada","item":"https:\/\/www.ramqui.com\/en\/"},{"@type":"ListItem","position":2,"name":"Team","item":"https:\/\/www.ramqui.com\/equipo\/"},{"@type":"ListItem","position":3,"name":"ANTONIO QUIRANT RAM\u00d3N"}]},{"@type":"WebSite","@id":"https:\/\/www.ramqui.com\/#website","url":"https:\/\/www.ramqui.com\/","name":"Ramqui: iluminaci\u00f3n + ingenier\u00eda Elche","description":"Servicios de iluminaci\u00f3n e ingenier\u00eda en Elche y la provincia de Alicante. Dom\u00f3tica, instalaci\u00f3n, ahorro energ\u00e9tico, distribuci\u00f3n y venta.","potentialAction":[{"@type":"SearchAction","target":{"@type":"EntryPoint","urlTemplate":"https:\/\/www.ramqui.com\/?s={search_term_string}"},"query-input":{"@type":"PropertyValueSpecification","valueRequired":true,"valueName":"search_term_string"}}],"inLanguage":"en-US"}]}},"_links":{"self":[{"href":"https:\/\/www.ramqui.com\/en\/wp-json\/wp\/v2\/pages\/9935\/"}],"collection":[{"href":"https:\/\/www.ramqui.com\/en\/wp-json\/wp\/v2\/pages\/"}],"about":[{"href":"https:\/\/www.ramqui.com\/en\/wp-json\/wp\/v2\/types\/page\/"}],"author":[{"embeddable":true,"href":"https:\/\/www.ramqui.com\/en\/wp-json\/wp\/v2\/users\/2\/"}],"replies":[{"embeddable":true,"href":"https:\/\/www.ramqui.com\/en\/wp-json\/wp\/v2\/comments\/?post=9935"}],"version-history":[{"count":3,"href":"https:\/\/www.ramqui.com\/en\/wp-json\/wp\/v2\/pages\/9935\/revisions\/"}],"predecessor-version":[{"id":9947,"href":"https:\/\/www.ramqui.com\/en\/wp-json\/wp\/v2\/pages\/9935\/revisions\/9947\/"}],"up":[{"embeddable":true,"href":"https:\/\/www.ramqui.com\/en\/wp-json\/wp\/v2\/pages\/9931\/"}],"wp:attachment":[{"href":"https:\/\/www.ramqui.com\/en\/wp-json\/wp\/v2\/media\/?parent=9935"}],"curies":[{"name":"wp","href":"https:\/\/api.w.org\/{rel}","templated":true}]}}