{"id":9931,"date":"2018-01-18T21:28:30","date_gmt":"2018-01-18T21:28:30","guid":{"rendered":"http:\/\/www.ramqui.com\/equipo\/"},"modified":"2020-02-24T09:58:26","modified_gmt":"2020-02-24T09:58:26","slug":"team","status":"publish","type":"page","link":"https:\/\/www.ramqui.com\/en\/team\/","title":{"rendered":"Team"},"content":{"rendered":"<div class=\"wpb-content-wrapper\"><p>[vc_row row_content_width=&#8221;grid&#8221;][vc_column][vc_empty_space height=&#8221;70px&#8221;]<div class=\"eltdf-section-title-holder\" style=\"text-align: center\">\n\t\t\t<h2 class=\"eltdf-st-title\" >\n\t\t\t<span>The team<\/span>\n\t\t<\/h2>\n\t\t<\/div>[vc_empty_space height=&#8221;20&#8243;][vc_column_text]<\/p>\n<p style=\"text-align: center;\">Ramqui is a company formed by a high level multidisciplinary creative team. we firmly believe that the value of a company is determinated by value of the proffesionals that conform it. People is one of the values more important in ramqui, and for this, we do the very best to build an quiet ambient for work all together, but also a personal development.<\/p>\n<p>[\/vc_column_text][vc_empty_space height=&#8221;70px&#8221;][\/vc_column][\/vc_row][vc_row][vc_column width=&#8221;1\/12&#8243;][\/vc_column][vc_column width=&#8221;2\/12&#8243;][vc_single_image image=&#8221;8985&#8243; img_size=&#8221;large&#8221; onclick=&#8221;custom_link&#8221; link=&#8221;http:\/\/www.ramqui.com\/en\/team\/roberto-quirant\/&#8221; el_class=&#8221;imagenPersona&#8221;][vc_column_text]<\/p>\n<p style=\"text-align: center; line-height: 18px;\">ROBERTO QUIRANT RAM\u00d3N<br \/>\n<span class=\"trabajo\">Designer-projector<\/span><\/p>\n<p>[\/vc_column_text][\/vc_column][vc_column width=&#8221;2\/12&#8243;][vc_single_image image=&#8221;8986&#8243; img_size=&#8221;full&#8221; onclick=&#8221;custom_link&#8221; link=&#8221;http:\/\/www.ramqui.com\/en\/team\/raquel-ros-gea\/&#8221; el_class=&#8221;imagenPersona&#8221;][vc_column_text]<\/p>\n<p style=\"text-align: center; line-height: 18px;\">RAQUEL ROS GEA<br \/>\n<span class=\"trabajo\">Financial and accounting department<\/span><\/p>\n<p>[\/vc_column_text][\/vc_column][vc_column width=&#8221;2\/12&#8243;][vc_single_image image=&#8221;8987&#8243; img_size=&#8221;full&#8221; onclick=&#8221;custom_link&#8221; link=&#8221;http:\/\/www.ramqui.com\/en\/team\/miguel-angel-quirant\/&#8221; el_class=&#8221;imagenPersona&#8221;][vc_column_text]<\/p>\n<p style=\"text-align: center; line-height: 18px;\">MIGUEL \u00c1NGEL QUIRANT RAM\u00d3N<br \/>\n<span class=\"trabajo\">CEO and shopping chief<\/span><\/p>\n<p>[\/vc_column_text][\/vc_column][vc_column width=&#8221;2\/12&#8243;][vc_single_image image=&#8221;8988&#8243; img_size=&#8221;full&#8221; el_class=&#8221;imagenPersona&#8221;][vc_column_text]<\/p>\n<p style=\"text-align: center; line-height: 18px;\">JOS\u00c9 MANUEL QUIRANT RAM\u00d3N<br \/>\n<span class=\"trabajo\">Industrial Engineering<\/span><\/p>\n<p>[\/vc_column_text][\/vc_column][vc_column width=&#8221;2\/12&#8243;][vc_single_image image=&#8221;8989&#8243; img_size=&#8221;full&#8221; onclick=&#8221;custom_link&#8221; link=&#8221;http:\/\/www.ramqui.com\/en\/team\/antonio-quirant\/&#8221; el_class=&#8221;imagenPersona&#8221;][vc_column_text]<\/p>\n<p style=\"text-align: center; line-height: 18px;\">ANTONIO QUIRANT RAM\u00d3N<br \/>\n<span class=\"trabajo\">Designer and project coordinator<\/span><\/p>\n<p>[\/vc_column_text][\/vc_column][vc_column width=&#8221;1\/12&#8243;][\/vc_column][\/vc_row][vc_row][vc_column][vc_empty_space height=&#8221;150px&#8221;][\/vc_column][\/vc_row]<\/p>\n<\/div>","protected":false},"excerpt":{"rendered":"<p>[vc_row row_content_width=&#8221;grid&#8221;][vc_column][vc_empty_space height=&#8221;70px&#8221;][vc_empty_space height=&#8221;20&#8243;][vc_column_text] Ramqui is a company formed by a high level multidisciplinary creative team. we firmly believe that the value of a company is determinated by value of the proffesionals that conform it. People is one of the values more important in ramqui, [&hellip;]<\/p>\n","protected":false},"author":2,"featured_media":0,"parent":0,"menu_order":0,"comment_status":"closed","ping_status":"closed","template":"full-width.php","meta":{"_acf_changed":false,"footnotes":""},"class_list":["post-9931","page","type-page","status-publish","hentry"],"acf":[],"yoast_head":"<!-- This site is optimized with the Yoast SEO plugin v27.2 - https:\/\/yoast.com\/product\/yoast-seo-wordpress\/ -->\n<title>Team - Ramqui: iluminaci\u00f3n + ingenier\u00eda Elche<\/title>\n<meta name=\"robots\" content=\"index, follow, max-snippet:-1, max-image-preview:large, max-video-preview:-1\" \/>\n<link rel=\"canonical\" href=\"https:\/\/www.ramqui.com\/equipo\/\" \/>\n<meta property=\"og:locale\" content=\"en_US\" \/>\n<meta property=\"og:type\" content=\"article\" \/>\n<meta property=\"og:title\" content=\"Team - Ramqui: iluminaci\u00f3n + ingenier\u00eda Elche\" \/>\n<meta property=\"og:description\" content=\"[vc_row row_content_width=&#8221;grid&#8221;][vc_column][vc_empty_space height=&#8221;70px&#8221;][vc_empty_space height=&#8221;20&#8243;][vc_column_text] Ramqui is a company formed by a high level multidisciplinary creative team. we firmly believe that the value of a company is determinated by value of the proffesionals that conform it. People is one of the values more important in ramqui, [&hellip;]\" \/>\n<meta property=\"og:url\" content=\"https:\/\/www.ramqui.com\/equipo\/\" \/>\n<meta property=\"og:site_name\" content=\"Ramqui: iluminaci\u00f3n + ingenier\u00eda Elche\" \/>\n<meta property=\"article:publisher\" content=\"https:\/\/www.facebook.com\/estudioramqui\" \/>\n<meta property=\"article:modified_time\" content=\"2020-02-24T09:58:26+00:00\" \/>\n<meta name=\"twitter:card\" content=\"summary_large_image\" \/>\n<meta name=\"twitter:label1\" content=\"Est. reading time\" \/>\n\t<meta name=\"twitter:data1\" content=\"2 minutes\" \/>\n<script type=\"application\/ld+json\" class=\"yoast-schema-graph\">{\"@context\":\"https:\/\/schema.org\",\"@graph\":[{\"@type\":\"WebPage\",\"@id\":\"https:\/\/www.ramqui.com\/equipo\/\",\"url\":\"https:\/\/www.ramqui.com\/equipo\/\",\"name\":\"Team - Ramqui: iluminaci\u00f3n + ingenier\u00eda Elche\",\"isPartOf\":{\"@id\":\"https:\/\/www.ramqui.com\/#website\"},\"datePublished\":\"2018-01-18T21:28:30+00:00\",\"dateModified\":\"2020-02-24T09:58:26+00:00\",\"breadcrumb\":{\"@id\":\"https:\/\/www.ramqui.com\/equipo\/#breadcrumb\"},\"inLanguage\":\"en-US\",\"potentialAction\":[{\"@type\":\"ReadAction\",\"target\":[\"https:\/\/www.ramqui.com\/equipo\/\"]}]},{\"@type\":\"BreadcrumbList\",\"@id\":\"https:\/\/www.ramqui.com\/equipo\/#breadcrumb\",\"itemListElement\":[{\"@type\":\"ListItem\",\"position\":1,\"name\":\"Portada\",\"item\":\"https:\/\/www.ramqui.com\/en\/\"},{\"@type\":\"ListItem\",\"position\":2,\"name\":\"Team\"}]},{\"@type\":\"WebSite\",\"@id\":\"https:\/\/www.ramqui.com\/#website\",\"url\":\"https:\/\/www.ramqui.com\/\",\"name\":\"Ramqui: iluminaci\u00f3n + ingenier\u00eda Elche\",\"description\":\"Servicios de iluminaci\u00f3n e ingenier\u00eda en Elche y la provincia de Alicante. Dom\u00f3tica, instalaci\u00f3n, ahorro energ\u00e9tico, distribuci\u00f3n y venta.\",\"potentialAction\":[{\"@type\":\"SearchAction\",\"target\":{\"@type\":\"EntryPoint\",\"urlTemplate\":\"https:\/\/www.ramqui.com\/?s={search_term_string}\"},\"query-input\":{\"@type\":\"PropertyValueSpecification\",\"valueRequired\":true,\"valueName\":\"search_term_string\"}}],\"inLanguage\":\"en-US\"}]}<\/script>\n<!-- \/ Yoast SEO plugin. -->","yoast_head_json":{"title":"Team - Ramqui: iluminaci\u00f3n + ingenier\u00eda Elche","robots":{"index":"index","follow":"follow","max-snippet":"max-snippet:-1","max-image-preview":"max-image-preview:large","max-video-preview":"max-video-preview:-1"},"canonical":"https:\/\/www.ramqui.com\/equipo\/","og_locale":"en_US","og_type":"article","og_title":"Team - Ramqui: iluminaci\u00f3n + ingenier\u00eda Elche","og_description":"[vc_row row_content_width=&#8221;grid&#8221;][vc_column][vc_empty_space height=&#8221;70px&#8221;][vc_empty_space height=&#8221;20&#8243;][vc_column_text] Ramqui is a company formed by a high level multidisciplinary creative team. we firmly believe that the value of a company is determinated by value of the proffesionals that conform it. People is one of the values more important in ramqui, [&hellip;]","og_url":"https:\/\/www.ramqui.com\/equipo\/","og_site_name":"Ramqui: iluminaci\u00f3n + ingenier\u00eda Elche","article_publisher":"https:\/\/www.facebook.com\/estudioramqui","article_modified_time":"2020-02-24T09:58:26+00:00","twitter_card":"summary_large_image","twitter_misc":{"Est. reading time":"2 minutes"},"schema":{"@context":"https:\/\/schema.org","@graph":[{"@type":"WebPage","@id":"https:\/\/www.ramqui.com\/equipo\/","url":"https:\/\/www.ramqui.com\/equipo\/","name":"Team - Ramqui: iluminaci\u00f3n + ingenier\u00eda Elche","isPartOf":{"@id":"https:\/\/www.ramqui.com\/#website"},"datePublished":"2018-01-18T21:28:30+00:00","dateModified":"2020-02-24T09:58:26+00:00","breadcrumb":{"@id":"https:\/\/www.ramqui.com\/equipo\/#breadcrumb"},"inLanguage":"en-US","potentialAction":[{"@type":"ReadAction","target":["https:\/\/www.ramqui.com\/equipo\/"]}]},{"@type":"BreadcrumbList","@id":"https:\/\/www.ramqui.com\/equipo\/#breadcrumb","itemListElement":[{"@type":"ListItem","position":1,"name":"Portada","item":"https:\/\/www.ramqui.com\/en\/"},{"@type":"ListItem","position":2,"name":"Team"}]},{"@type":"WebSite","@id":"https:\/\/www.ramqui.com\/#website","url":"https:\/\/www.ramqui.com\/","name":"Ramqui: iluminaci\u00f3n + ingenier\u00eda Elche","description":"Servicios de iluminaci\u00f3n e ingenier\u00eda en Elche y la provincia de Alicante. Dom\u00f3tica, instalaci\u00f3n, ahorro energ\u00e9tico, distribuci\u00f3n y venta.","potentialAction":[{"@type":"SearchAction","target":{"@type":"EntryPoint","urlTemplate":"https:\/\/www.ramqui.com\/?s={search_term_string}"},"query-input":{"@type":"PropertyValueSpecification","valueRequired":true,"valueName":"search_term_string"}}],"inLanguage":"en-US"}]}},"_links":{"self":[{"href":"https:\/\/www.ramqui.com\/en\/wp-json\/wp\/v2\/pages\/9931\/"}],"collection":[{"href":"https:\/\/www.ramqui.com\/en\/wp-json\/wp\/v2\/pages\/"}],"about":[{"href":"https:\/\/www.ramqui.com\/en\/wp-json\/wp\/v2\/types\/page\/"}],"author":[{"embeddable":true,"href":"https:\/\/www.ramqui.com\/en\/wp-json\/wp\/v2\/users\/2\/"}],"replies":[{"embeddable":true,"href":"https:\/\/www.ramqui.com\/en\/wp-json\/wp\/v2\/comments\/?post=9931"}],"version-history":[{"count":3,"href":"https:\/\/www.ramqui.com\/en\/wp-json\/wp\/v2\/pages\/9931\/revisions\/"}],"predecessor-version":[{"id":11821,"href":"https:\/\/www.ramqui.com\/en\/wp-json\/wp\/v2\/pages\/9931\/revisions\/11821\/"}],"wp:attachment":[{"href":"https:\/\/www.ramqui.com\/en\/wp-json\/wp\/v2\/media\/?parent=9931"}],"curies":[{"name":"wp","href":"https:\/\/api.w.org\/{rel}","templated":true}]}}