{"id":9919,"date":"2018-02-20T13:38:01","date_gmt":"2018-02-20T13:38:01","guid":{"rendered":"http:\/\/www.ramqui.com\/comercial\/"},"modified":"2020-02-24T12:02:01","modified_gmt":"2020-02-24T12:02:01","slug":"retail","status":"publish","type":"page","link":"https:\/\/www.ramqui.com\/en\/projects\/retail\/","title":{"rendered":"Retail"},"content":{"rendered":"<div class=\"wpb-content-wrapper\"><p>[vc_row][vc_column]<div class=\"eltdf-portfolio-list-holder eltdf-single-category eltdf-pl-gallery eltdf-pl-three-columns eltdf-pl-no-space eltdf-pl-info-on-image-hover eltdf-pl-hover-overlay-background\"  data-next-page=\"2\" data-type=\"gallery\" data-number-of-columns=\"3\" data-space-between-items=\"no_space\" data-number-of-items=\"20\" data-image-proportions=\"landscape\" data-category=\"commercial\" data-order-by=\"date\" data-order=\"DESC\" data-info-position=\"on-image-hover\" data-image-hover-type1=\"overlay-background\" data-overlay-content-v-align1=\"middle\" data-overlay-content-h-align1=\"center\" data-disable-title=\"no\" data-title-tag=\"h4\" data-disable-category=\"no\" data-disable-excerpt=\"yes\" data-excerpt-length=\"20\" data-enable-variable-width=\"no\" data-pagination=\"yes\" data-max-num-pages=\"1\"><div class=\"eltdf-pl-inner clearfix\"><div class=\"eltdf-pl-grid-sizer\"><\/div><div class=\"eltdf-pl-grid-gutter\"><\/div><article class=\"eltdf-pl-item  post-15764 portfolio-item type-portfolio-item status-publish has-post-thumbnail hentry portfolio-category-commercial portfolio_category_0 portfolio_category_365 portfolio_category_0\">\n\t<div class=\"eltdf-pl-item-inner\">\n\t\t<div class=\"eltdf-pli-image\">\n            \t\t\t\t\t\t\t<img loading=\"lazy\" decoding=\"async\" width=\"800\" height=\"600\" src=\"https:\/\/www.ramqui.com\/wp-content\/uploads\/2023\/03\/21073_006DFR-1-800x600.jpg\" class=\"attachment-ambient_elated_landscape size-ambient_elated_landscape wp-post-image\" alt=\"\" \/>\t\t\t\t\t\t\t\t<\/div>\n\t\t\t\t\t<div class=\"eltdf-pli-text-holder\" style=\"text-align: center\">\n\t\t\t\t<div class=\"eltdf-pli-text-wrapper\">\n\t\t\t\t\t<div class=\"eltdf-pli-text\" style=\"vertical-align: middle\">\n\t\t\t\t\t\t<div class=\"eltdf-pli-text-inner\">\n\t\t\t\t\t\t\t\t\t\t\t\t\t<h4 itemprop=\"name\" class=\"eltdf-pli-title entry-title\" >\n\t\t\t\t\t\t\t\tREMADA BUILDING\t\t\t\t\t\t\t<\/h4>\n\t\t\t\t\t\t\n\t\t\t\t\t\t<div class=\"eltdf-ptf-category-holder\" style=\"color: ;\"><span>Commercial<\/span><\/div>\t\t\t\t\t\n\t\t\t\t\t\t\t\t\t\t\t<\/div>\n\t\t\t<\/div>\n\t\t\t\t<\/div>\n\t\t\t<\/div>\n\t\t\t\t<a itemprop=\"url\" class=\"eltdf-pli-link\" href=\"https:\/\/www.ramqui.com\/en\/portfolio-item\/rem-eng-2\/\" target=\"_self\"><\/a>\n\t<\/div>\n<\/article><article class=\"eltdf-pl-item  post-15292 portfolio-item type-portfolio-item status-publish has-post-thumbnail hentry portfolio-category-commercial portfolio_category_0 portfolio_category_365 portfolio_category_0\">\n\t<div class=\"eltdf-pl-item-inner\">\n\t\t<div class=\"eltdf-pli-image\">\n            \t\t\t\t\t\t\t<img loading=\"lazy\" decoding=\"async\" width=\"800\" height=\"600\" src=\"https:\/\/www.ramqui.com\/wp-content\/uploads\/2022\/04\/22008_012DFR-1-800x600.jpg\" class=\"attachment-ambient_elated_landscape size-ambient_elated_landscape wp-post-image\" alt=\"\" \/>\t\t\t\t\t\t\t\t<\/div>\n\t\t\t\t\t<div class=\"eltdf-pli-text-holder\" style=\"text-align: center\">\n\t\t\t\t<div class=\"eltdf-pli-text-wrapper\">\n\t\t\t\t\t<div class=\"eltdf-pli-text\" style=\"vertical-align: middle\">\n\t\t\t\t\t\t<div class=\"eltdf-pli-text-inner\">\n\t\t\t\t\t\t\t\t\t\t\t\t\t<h4 itemprop=\"name\" class=\"eltdf-pli-title entry-title\" >\n\t\t\t\t\t\t\t\tIMPLANLUX\t\t\t\t\t\t\t<\/h4>\n\t\t\t\t\t\t\n\t\t\t\t\t\t<div class=\"eltdf-ptf-category-holder\" style=\"color: ;\"><span>Commercial<\/span><\/div>\t\t\t\t\t\n\t\t\t\t\t\t\t\t\t\t\t<\/div>\n\t\t\t<\/div>\n\t\t\t\t<\/div>\n\t\t\t<\/div>\n\t\t\t\t<a itemprop=\"url\" class=\"eltdf-pli-link\" href=\"https:\/\/www.ramqui.com\/en\/portfolio-item\/iml-eng\/\" target=\"_self\"><\/a>\n\t<\/div>\n<\/article><article class=\"eltdf-pl-item  post-15023 portfolio-item type-portfolio-item status-publish has-post-thumbnail hentry portfolio-category-commercial portfolio_category_0 portfolio_category_365 portfolio_category_0\">\n\t<div class=\"eltdf-pl-item-inner\">\n\t\t<div class=\"eltdf-pli-image\">\n            \t\t\t\t\t\t\t<img loading=\"lazy\" decoding=\"async\" width=\"800\" height=\"600\" src=\"https:\/\/www.ramqui.com\/wp-content\/uploads\/2022\/02\/tienda-vestidos-novia-3-800x600.jpg\" class=\"attachment-ambient_elated_landscape size-ambient_elated_landscape wp-post-image\" alt=\"\" \/>\t\t\t\t\t\t\t\t<\/div>\n\t\t\t\t\t<div class=\"eltdf-pli-text-holder\" style=\"text-align: center\">\n\t\t\t\t<div class=\"eltdf-pli-text-wrapper\">\n\t\t\t\t\t<div class=\"eltdf-pli-text\" style=\"vertical-align: middle\">\n\t\t\t\t\t\t<div class=\"eltdf-pli-text-inner\">\n\t\t\t\t\t\t\t\t\t\t\t\t\t<h4 itemprop=\"name\" class=\"eltdf-pli-title entry-title\" >\n\t\t\t\t\t\t\t\tRAQUEL NOVIAS\t\t\t\t\t\t\t<\/h4>\n\t\t\t\t\t\t\n\t\t\t\t\t\t<div class=\"eltdf-ptf-category-holder\" style=\"color: ;\"><span>Commercial<\/span><\/div>\t\t\t\t\t\n\t\t\t\t\t\t\t\t\t\t\t<\/div>\n\t\t\t<\/div>\n\t\t\t\t<\/div>\n\t\t\t<\/div>\n\t\t\t\t<a itemprop=\"url\" class=\"eltdf-pli-link\" href=\"https:\/\/www.ramqui.com\/en\/portfolio-item\/bride\/\" target=\"_self\"><\/a>\n\t<\/div>\n<\/article><article class=\"eltdf-pl-item  post-14841 portfolio-item type-portfolio-item status-publish has-post-thumbnail hentry portfolio-category-commercial portfolio_category_0 portfolio_category_365 portfolio_category_0\">\n\t<div class=\"eltdf-pl-item-inner\">\n\t\t<div class=\"eltdf-pli-image\">\n            \t\t\t\t\t\t\t<img loading=\"lazy\" decoding=\"async\" width=\"800\" height=\"600\" src=\"https:\/\/www.ramqui.com\/wp-content\/uploads\/2021\/06\/FOREST-RAMQUI-4-800x600.jpg\" class=\"attachment-ambient_elated_landscape size-ambient_elated_landscape wp-post-image\" alt=\"\" \/>\t\t\t\t\t\t\t\t<\/div>\n\t\t\t\t\t<div class=\"eltdf-pli-text-holder\" style=\"text-align: center\">\n\t\t\t\t<div class=\"eltdf-pli-text-wrapper\">\n\t\t\t\t\t<div class=\"eltdf-pli-text\" style=\"vertical-align: middle\">\n\t\t\t\t\t\t<div class=\"eltdf-pli-text-inner\">\n\t\t\t\t\t\t\t\t\t\t\t\t\t<h4 itemprop=\"name\" class=\"eltdf-pli-title entry-title\" >\n\t\t\t\t\t\t\t\tFOREST CHEMICAL CENTRAL FACILITIES\t\t\t\t\t\t\t<\/h4>\n\t\t\t\t\t\t\n\t\t\t\t\t\t<div class=\"eltdf-ptf-category-holder\" style=\"color: ;\"><span>Commercial<\/span><\/div>\t\t\t\t\t\n\t\t\t\t\t\t\t\t\t\t\t<\/div>\n\t\t\t<\/div>\n\t\t\t\t<\/div>\n\t\t\t<\/div>\n\t\t\t\t<a itemprop=\"url\" class=\"eltdf-pli-link\" href=\"https:\/\/www.ramqui.com\/en\/portfolio-item\/forest_eng\/\" target=\"_self\"><\/a>\n\t<\/div>\n<\/article><article class=\"eltdf-pl-item  post-14602 portfolio-item type-portfolio-item status-publish has-post-thumbnail hentry portfolio-category-commercial portfolio_category_0 portfolio_category_365 portfolio_category_0\">\n\t<div class=\"eltdf-pl-item-inner\">\n\t\t<div class=\"eltdf-pli-image\">\n            \t\t\t\t\t\t\t<img loading=\"lazy\" decoding=\"async\" width=\"800\" height=\"600\" src=\"https:\/\/www.ramqui.com\/wp-content\/uploads\/2020\/10\/MALATESTA-SANTA-POLA-CABRERA-PHOTO-24-v2-800x600.jpg\" class=\"attachment-ambient_elated_landscape size-ambient_elated_landscape wp-post-image\" alt=\"\" \/>\t\t\t\t\t\t\t\t<\/div>\n\t\t\t\t\t<div class=\"eltdf-pli-text-holder\" style=\"text-align: center\">\n\t\t\t\t<div class=\"eltdf-pli-text-wrapper\">\n\t\t\t\t\t<div class=\"eltdf-pli-text\" style=\"vertical-align: middle\">\n\t\t\t\t\t\t<div class=\"eltdf-pli-text-inner\">\n\t\t\t\t\t\t\t\t\t\t\t\t\t<h4 itemprop=\"name\" class=\"eltdf-pli-title entry-title\" >\n\t\t\t\t\t\t\t\tMALATESTA RESTAURANT SANTA POLA\t\t\t\t\t\t\t<\/h4>\n\t\t\t\t\t\t\n\t\t\t\t\t\t<div class=\"eltdf-ptf-category-holder\" style=\"color: ;\"><span>Commercial<\/span><\/div>\t\t\t\t\t\n\t\t\t\t\t\t\t\t\t\t\t<\/div>\n\t\t\t<\/div>\n\t\t\t\t<\/div>\n\t\t\t<\/div>\n\t\t\t\t<a itemprop=\"url\" class=\"eltdf-pli-link\" href=\"https:\/\/www.ramqui.com\/en\/portfolio-item\/suites-mar-melia-eng-2-2\/\" target=\"_self\"><\/a>\n\t<\/div>\n<\/article><article class=\"eltdf-pl-item  post-14571 portfolio-item type-portfolio-item status-publish has-post-thumbnail hentry portfolio-category-commercial portfolio_category_0 portfolio_category_365 portfolio_category_0\">\n\t<div class=\"eltdf-pl-item-inner\">\n\t\t<div class=\"eltdf-pli-image\">\n            \t\t\t\t\t\t\t<img loading=\"lazy\" decoding=\"async\" width=\"800\" height=\"600\" src=\"https:\/\/www.ramqui.com\/wp-content\/uploads\/2020\/10\/OFICINA-ELCHE-RAMQUI-CABRERA-PHOTO-41-800x600.jpg\" class=\"attachment-ambient_elated_landscape size-ambient_elated_landscape wp-post-image\" alt=\"\" \/>\t\t\t\t\t\t\t\t<\/div>\n\t\t\t\t\t<div class=\"eltdf-pli-text-holder\" style=\"text-align: center\">\n\t\t\t\t<div class=\"eltdf-pli-text-wrapper\">\n\t\t\t\t\t<div class=\"eltdf-pli-text\" style=\"vertical-align: middle\">\n\t\t\t\t\t\t<div class=\"eltdf-pli-text-inner\">\n\t\t\t\t\t\t\t\t\t\t\t\t\t<h4 itemprop=\"name\" class=\"eltdf-pli-title entry-title\" >\n\t\t\t\t\t\t\t\tCARANCHA OFFICE\t\t\t\t\t\t\t<\/h4>\n\t\t\t\t\t\t\n\t\t\t\t\t\t<div class=\"eltdf-ptf-category-holder\" style=\"color: ;\"><span>Commercial<\/span><\/div>\t\t\t\t\t\n\t\t\t\t\t\t\t\t\t\t\t<\/div>\n\t\t\t<\/div>\n\t\t\t\t<\/div>\n\t\t\t<\/div>\n\t\t\t\t<a itemprop=\"url\" class=\"eltdf-pli-link\" href=\"https:\/\/www.ramqui.com\/en\/portfolio-item\/office-orihuela-street\/\" target=\"_self\"><\/a>\n\t<\/div>\n<\/article><article class=\"eltdf-pl-item  post-14139 portfolio-item type-portfolio-item status-publish has-post-thumbnail hentry portfolio-category-commercial portfolio-tag-hotel portfolio_category_0 portfolio_category_365 portfolio_category_0\">\n\t<div class=\"eltdf-pl-item-inner\">\n\t\t<div class=\"eltdf-pli-image\">\n            \t\t\t\t\t\t\t<img loading=\"lazy\" decoding=\"async\" width=\"800\" height=\"600\" src=\"https:\/\/www.ramqui.com\/wp-content\/uploads\/2020\/04\/11a-800x600.jpg\" class=\"attachment-ambient_elated_landscape size-ambient_elated_landscape wp-post-image\" alt=\"\" \/>\t\t\t\t\t\t\t\t<\/div>\n\t\t\t\t\t<div class=\"eltdf-pli-text-holder\" style=\"text-align: center\">\n\t\t\t\t<div class=\"eltdf-pli-text-wrapper\">\n\t\t\t\t\t<div class=\"eltdf-pli-text\" style=\"vertical-align: middle\">\n\t\t\t\t\t\t<div class=\"eltdf-pli-text-inner\">\n\t\t\t\t\t\t\t\t\t\t\t\t\t<h4 itemprop=\"name\" class=\"eltdf-pli-title entry-title\" >\n\t\t\t\t\t\t\t\tSUITES DEL MAR by MELI\u00c0\t\t\t\t\t\t\t<\/h4>\n\t\t\t\t\t\t\n\t\t\t\t\t\t<div class=\"eltdf-ptf-category-holder\" style=\"color: ;\"><span>Commercial<\/span><\/div>\t\t\t\t\t\n\t\t\t\t\t\t\t\t\t\t\t<\/div>\n\t\t\t<\/div>\n\t\t\t\t<\/div>\n\t\t\t<\/div>\n\t\t\t\t<a itemprop=\"url\" class=\"eltdf-pli-link\" href=\"https:\/\/www.ramqui.com\/en\/portfolio-item\/suites-mar-melia-eng-2\/\" target=\"_self\"><\/a>\n\t<\/div>\n<\/article><article class=\"eltdf-pl-item  post-14114 portfolio-item type-portfolio-item status-publish has-post-thumbnail hentry portfolio-category-commercial portfolio-tag-restaurant portfolio_category_0 portfolio_category_365 portfolio_category_0\">\n\t<div class=\"eltdf-pl-item-inner\">\n\t\t<div class=\"eltdf-pli-image\">\n            \t\t\t\t\t\t\t<img loading=\"lazy\" decoding=\"async\" width=\"800\" height=\"600\" src=\"https:\/\/www.ramqui.com\/wp-content\/uploads\/2020\/03\/7-800x600.jpg\" class=\"attachment-ambient_elated_landscape size-ambient_elated_landscape wp-post-image\" alt=\"\" \/>\t\t\t\t\t\t\t\t<\/div>\n\t\t\t\t\t<div class=\"eltdf-pli-text-holder\" style=\"text-align: center\">\n\t\t\t\t<div class=\"eltdf-pli-text-wrapper\">\n\t\t\t\t\t<div class=\"eltdf-pli-text\" style=\"vertical-align: middle\">\n\t\t\t\t\t\t<div class=\"eltdf-pli-text-inner\">\n\t\t\t\t\t\t\t\t\t\t\t\t\t<h4 itemprop=\"name\" class=\"eltdf-pli-title entry-title\" >\n\t\t\t\t\t\t\t\tBOR\u00cdN HAIRDRESS\t\t\t\t\t\t\t<\/h4>\n\t\t\t\t\t\t\n\t\t\t\t\t\t<div class=\"eltdf-ptf-category-holder\" style=\"color: ;\"><span>Commercial<\/span><\/div>\t\t\t\t\t\n\t\t\t\t\t\t\t\t\t\t\t<\/div>\n\t\t\t<\/div>\n\t\t\t\t<\/div>\n\t\t\t<\/div>\n\t\t\t\t<a itemprop=\"url\" class=\"eltdf-pli-link\" href=\"https:\/\/www.ramqui.com\/en\/portfolio-item\/borin_hairdresser-eng-2-2\/\" target=\"_self\"><\/a>\n\t<\/div>\n<\/article><article class=\"eltdf-pl-item  post-14051 portfolio-item type-portfolio-item status-publish has-post-thumbnail hentry portfolio-category-commercial portfolio-tag-residencial portfolio_category_0 portfolio_category_365 portfolio_category_0\">\n\t<div class=\"eltdf-pl-item-inner\">\n\t\t<div class=\"eltdf-pli-image\">\n            \t\t\t\t\t\t\t<img loading=\"lazy\" decoding=\"async\" width=\"800\" height=\"600\" src=\"https:\/\/www.ramqui.com\/wp-content\/uploads\/2020\/03\/A-1-800x600.jpg\" class=\"attachment-ambient_elated_landscape size-ambient_elated_landscape wp-post-image\" alt=\"\" \/>\t\t\t\t\t\t\t\t<\/div>\n\t\t\t\t\t<div class=\"eltdf-pli-text-holder\" style=\"text-align: center\">\n\t\t\t\t<div class=\"eltdf-pli-text-wrapper\">\n\t\t\t\t\t<div class=\"eltdf-pli-text\" style=\"vertical-align: middle\">\n\t\t\t\t\t\t<div class=\"eltdf-pli-text-inner\">\n\t\t\t\t\t\t\t\t\t\t\t\t\t<h4 itemprop=\"name\" class=\"eltdf-pli-title entry-title\" >\n\t\t\t\t\t\t\t\tRESTAURANT \u00d1AM GASTROBAR\t\t\t\t\t\t\t<\/h4>\n\t\t\t\t\t\t\n\t\t\t\t\t\t<div class=\"eltdf-ptf-category-holder\" style=\"color: ;\"><span>Commercial<\/span><\/div>\t\t\t\t\t\n\t\t\t\t\t\t\t\t\t\t\t<\/div>\n\t\t\t<\/div>\n\t\t\t\t<\/div>\n\t\t\t<\/div>\n\t\t\t\t<a itemprop=\"url\" class=\"eltdf-pli-link\" href=\"https:\/\/www.ramqui.com\/en\/portfolio-item\/nam-gastrobar-eng\/\" target=\"_self\"><\/a>\n\t<\/div>\n<\/article><article class=\"eltdf-pl-item  post-13465 portfolio-item type-portfolio-item status-publish has-post-thumbnail hentry portfolio-category-commercial portfolio-category-outsides portfolio_category_0 portfolio_category_365 portfolio_category_0 portfolio_category_364 portfolio_category_0\">\n\t<div class=\"eltdf-pl-item-inner\">\n\t\t<div class=\"eltdf-pli-image\">\n            \t\t\t\t\t\t\t<img loading=\"lazy\" decoding=\"async\" width=\"800\" height=\"600\" src=\"https:\/\/www.ramqui.com\/wp-content\/uploads\/2019\/05\/14518_004DFR-800x600.jpg\" class=\"attachment-ambient_elated_landscape size-ambient_elated_landscape wp-post-image\" alt=\"\" \/>\t\t\t\t\t\t\t\t<\/div>\n\t\t\t\t\t<div class=\"eltdf-pli-text-holder\" style=\"text-align: center\">\n\t\t\t\t<div class=\"eltdf-pli-text-wrapper\">\n\t\t\t\t\t<div class=\"eltdf-pli-text\" style=\"vertical-align: middle\">\n\t\t\t\t\t\t<div class=\"eltdf-pli-text-inner\">\n\t\t\t\t\t\t\t\t\t\t\t\t\t<h4 itemprop=\"name\" class=\"eltdf-pli-title entry-title\" >\n\t\t\t\t\t\t\t\tToque\t\t\t\t\t\t\t<\/h4>\n\t\t\t\t\t\t\n\t\t\t\t\t\t<div class=\"eltdf-ptf-category-holder\" style=\"color: ;\"><span>Commercial<\/span> \/ <span>Outsides<\/span><\/div>\t\t\t\t\t\n\t\t\t\t\t\t\t\t\t\t\t<\/div>\n\t\t\t<\/div>\n\t\t\t\t<\/div>\n\t\t\t<\/div>\n\t\t\t\t<a itemprop=\"url\" class=\"eltdf-pli-link\" href=\"https:\/\/www.ramqui.com\/en\/portfolio-item\/toque\/\" target=\"_self\"><\/a>\n\t<\/div>\n<\/article><article class=\"eltdf-pl-item  post-9899 portfolio-item type-portfolio-item status-publish has-post-thumbnail hentry portfolio-category-commercial portfolio_category_0 portfolio_category_365 portfolio_category_0\">\n\t<div class=\"eltdf-pl-item-inner\">\n\t\t<div class=\"eltdf-pli-image\">\n            \t\t\t\t\t\t\t<img loading=\"lazy\" decoding=\"async\" width=\"800\" height=\"600\" src=\"https:\/\/www.ramqui.com\/wp-content\/uploads\/2018\/01\/01-min-800x600.jpg\" class=\"attachment-ambient_elated_landscape size-ambient_elated_landscape wp-post-image\" alt=\"\" \/>\t\t\t\t\t\t\t\t<\/div>\n\t\t\t\t\t<div class=\"eltdf-pli-text-holder\" style=\"text-align: center\">\n\t\t\t\t<div class=\"eltdf-pli-text-wrapper\">\n\t\t\t\t\t<div class=\"eltdf-pli-text\" style=\"vertical-align: middle\">\n\t\t\t\t\t\t<div class=\"eltdf-pli-text-inner\">\n\t\t\t\t\t\t\t\t\t\t\t\t\t<h4 itemprop=\"name\" class=\"eltdf-pli-title entry-title\" >\n\t\t\t\t\t\t\t\t\u00d3ptica Sojo\t\t\t\t\t\t\t<\/h4>\n\t\t\t\t\t\t\n\t\t\t\t\t\t<div class=\"eltdf-ptf-category-holder\" style=\"color: ;\"><span>Commercial<\/span><\/div>\t\t\t\t\t\n\t\t\t\t\t\t\t\t\t\t\t<\/div>\n\t\t\t<\/div>\n\t\t\t\t<\/div>\n\t\t\t<\/div>\n\t\t\t\t<a itemprop=\"url\" class=\"eltdf-pli-link\" href=\"https:\/\/www.ramqui.com\/en\/portfolio-item\/optica-sojo\/\" target=\"_self\"><\/a>\n\t<\/div>\n<\/article><\/div><\/div>[\/vc_column][\/vc_row]<\/p>\n<\/div>","protected":false},"excerpt":{"rendered":"<p>[vc_row][vc_column][\/vc_column][\/vc_row]<\/p>\n","protected":false},"author":2,"featured_media":0,"parent":9964,"menu_order":0,"comment_status":"closed","ping_status":"closed","template":"","meta":{"_acf_changed":false,"footnotes":""},"class_list":["post-9919","page","type-page","status-publish","hentry"],"acf":[],"yoast_head":"<!-- This site is optimized with the Yoast SEO plugin v27.2 - https:\/\/yoast.com\/product\/yoast-seo-wordpress\/ -->\n<title>Retail - Ramqui: iluminaci\u00f3n + ingenier\u00eda Elche<\/title>\n<meta name=\"robots\" content=\"index, follow, max-snippet:-1, max-image-preview:large, max-video-preview:-1\" \/>\n<link rel=\"canonical\" href=\"https:\/\/www.ramqui.com\/proyectos-de-iluminacion\/comercial\/\" \/>\n<meta property=\"og:locale\" content=\"en_US\" \/>\n<meta property=\"og:type\" content=\"article\" \/>\n<meta property=\"og:title\" content=\"Retail - Ramqui: iluminaci\u00f3n + ingenier\u00eda Elche\" \/>\n<meta property=\"og:description\" content=\"[vc_row][vc_column][\/vc_column][\/vc_row]\" \/>\n<meta property=\"og:url\" content=\"https:\/\/www.ramqui.com\/proyectos-de-iluminacion\/comercial\/\" \/>\n<meta property=\"og:site_name\" content=\"Ramqui: iluminaci\u00f3n + ingenier\u00eda Elche\" \/>\n<meta property=\"article:publisher\" content=\"https:\/\/www.facebook.com\/estudioramqui\" \/>\n<meta property=\"article:modified_time\" content=\"2020-02-24T12:02:01+00:00\" \/>\n<meta name=\"twitter:card\" content=\"summary_large_image\" \/>\n<script type=\"application\/ld+json\" class=\"yoast-schema-graph\">{\"@context\":\"https:\/\/schema.org\",\"@graph\":[{\"@type\":\"WebPage\",\"@id\":\"https:\/\/www.ramqui.com\/proyectos-de-iluminacion\/comercial\/\",\"url\":\"https:\/\/www.ramqui.com\/proyectos-de-iluminacion\/comercial\/\",\"name\":\"Retail - Ramqui: iluminaci\u00f3n + ingenier\u00eda Elche\",\"isPartOf\":{\"@id\":\"https:\/\/www.ramqui.com\/#website\"},\"datePublished\":\"2018-02-20T13:38:01+00:00\",\"dateModified\":\"2020-02-24T12:02:01+00:00\",\"breadcrumb\":{\"@id\":\"https:\/\/www.ramqui.com\/proyectos-de-iluminacion\/comercial\/#breadcrumb\"},\"inLanguage\":\"en-US\",\"potentialAction\":[{\"@type\":\"ReadAction\",\"target\":[\"https:\/\/www.ramqui.com\/proyectos-de-iluminacion\/comercial\/\"]}]},{\"@type\":\"BreadcrumbList\",\"@id\":\"https:\/\/www.ramqui.com\/proyectos-de-iluminacion\/comercial\/#breadcrumb\",\"itemListElement\":[{\"@type\":\"ListItem\",\"position\":1,\"name\":\"Portada\",\"item\":\"https:\/\/www.ramqui.com\/en\/\"},{\"@type\":\"ListItem\",\"position\":2,\"name\":\"Projects\",\"item\":\"https:\/\/www.ramqui.com\/en\/projects\/\"},{\"@type\":\"ListItem\",\"position\":3,\"name\":\"Retail\"}]},{\"@type\":\"WebSite\",\"@id\":\"https:\/\/www.ramqui.com\/#website\",\"url\":\"https:\/\/www.ramqui.com\/\",\"name\":\"Ramqui: iluminaci\u00f3n + ingenier\u00eda Elche\",\"description\":\"Servicios de iluminaci\u00f3n e ingenier\u00eda en Elche y la provincia de Alicante. Dom\u00f3tica, instalaci\u00f3n, ahorro energ\u00e9tico, distribuci\u00f3n y venta.\",\"potentialAction\":[{\"@type\":\"SearchAction\",\"target\":{\"@type\":\"EntryPoint\",\"urlTemplate\":\"https:\/\/www.ramqui.com\/?s={search_term_string}\"},\"query-input\":{\"@type\":\"PropertyValueSpecification\",\"valueRequired\":true,\"valueName\":\"search_term_string\"}}],\"inLanguage\":\"en-US\"}]}<\/script>\n<!-- \/ Yoast SEO plugin. -->","yoast_head_json":{"title":"Retail - Ramqui: iluminaci\u00f3n + ingenier\u00eda Elche","robots":{"index":"index","follow":"follow","max-snippet":"max-snippet:-1","max-image-preview":"max-image-preview:large","max-video-preview":"max-video-preview:-1"},"canonical":"https:\/\/www.ramqui.com\/proyectos-de-iluminacion\/comercial\/","og_locale":"en_US","og_type":"article","og_title":"Retail - Ramqui: iluminaci\u00f3n + ingenier\u00eda Elche","og_description":"[vc_row][vc_column][\/vc_column][\/vc_row]","og_url":"https:\/\/www.ramqui.com\/proyectos-de-iluminacion\/comercial\/","og_site_name":"Ramqui: iluminaci\u00f3n + ingenier\u00eda Elche","article_publisher":"https:\/\/www.facebook.com\/estudioramqui","article_modified_time":"2020-02-24T12:02:01+00:00","twitter_card":"summary_large_image","schema":{"@context":"https:\/\/schema.org","@graph":[{"@type":"WebPage","@id":"https:\/\/www.ramqui.com\/proyectos-de-iluminacion\/comercial\/","url":"https:\/\/www.ramqui.com\/proyectos-de-iluminacion\/comercial\/","name":"Retail - Ramqui: iluminaci\u00f3n + ingenier\u00eda Elche","isPartOf":{"@id":"https:\/\/www.ramqui.com\/#website"},"datePublished":"2018-02-20T13:38:01+00:00","dateModified":"2020-02-24T12:02:01+00:00","breadcrumb":{"@id":"https:\/\/www.ramqui.com\/proyectos-de-iluminacion\/comercial\/#breadcrumb"},"inLanguage":"en-US","potentialAction":[{"@type":"ReadAction","target":["https:\/\/www.ramqui.com\/proyectos-de-iluminacion\/comercial\/"]}]},{"@type":"BreadcrumbList","@id":"https:\/\/www.ramqui.com\/proyectos-de-iluminacion\/comercial\/#breadcrumb","itemListElement":[{"@type":"ListItem","position":1,"name":"Portada","item":"https:\/\/www.ramqui.com\/en\/"},{"@type":"ListItem","position":2,"name":"Projects","item":"https:\/\/www.ramqui.com\/en\/projects\/"},{"@type":"ListItem","position":3,"name":"Retail"}]},{"@type":"WebSite","@id":"https:\/\/www.ramqui.com\/#website","url":"https:\/\/www.ramqui.com\/","name":"Ramqui: iluminaci\u00f3n + ingenier\u00eda Elche","description":"Servicios de iluminaci\u00f3n e ingenier\u00eda en Elche y la provincia de Alicante. Dom\u00f3tica, instalaci\u00f3n, ahorro energ\u00e9tico, distribuci\u00f3n y venta.","potentialAction":[{"@type":"SearchAction","target":{"@type":"EntryPoint","urlTemplate":"https:\/\/www.ramqui.com\/?s={search_term_string}"},"query-input":{"@type":"PropertyValueSpecification","valueRequired":true,"valueName":"search_term_string"}}],"inLanguage":"en-US"}]}},"_links":{"self":[{"href":"https:\/\/www.ramqui.com\/en\/wp-json\/wp\/v2\/pages\/9919\/"}],"collection":[{"href":"https:\/\/www.ramqui.com\/en\/wp-json\/wp\/v2\/pages\/"}],"about":[{"href":"https:\/\/www.ramqui.com\/en\/wp-json\/wp\/v2\/types\/page\/"}],"author":[{"embeddable":true,"href":"https:\/\/www.ramqui.com\/en\/wp-json\/wp\/v2\/users\/2\/"}],"replies":[{"embeddable":true,"href":"https:\/\/www.ramqui.com\/en\/wp-json\/wp\/v2\/comments\/?post=9919"}],"version-history":[{"count":4,"href":"https:\/\/www.ramqui.com\/en\/wp-json\/wp\/v2\/pages\/9919\/revisions\/"}],"predecessor-version":[{"id":13990,"href":"https:\/\/www.ramqui.com\/en\/wp-json\/wp\/v2\/pages\/9919\/revisions\/13990\/"}],"up":[{"embeddable":true,"href":"https:\/\/www.ramqui.com\/en\/wp-json\/wp\/v2\/pages\/9964\/"}],"wp:attachment":[{"href":"https:\/\/www.ramqui.com\/en\/wp-json\/wp\/v2\/media\/?parent=9919"}],"curies":[{"name":"wp","href":"https:\/\/api.w.org\/{rel}","templated":true}]}}