{"id":9776,"date":"2017-02-01T16:00:32","date_gmt":"2017-02-01T16:00:32","guid":{"rendered":"http:\/\/www.ramqui.com\/estudio\/"},"modified":"2020-02-24T09:58:03","modified_gmt":"2020-02-24T09:58:03","slug":"studio","status":"publish","type":"page","link":"https:\/\/www.ramqui.com\/en\/studio\/","title":{"rendered":"Studio"},"content":{"rendered":"<div class=\"wpb-content-wrapper\"><p>[vc_row row_content_width=&#8221;grid&#8221;][vc_column][vc_empty_space height=&#8221;45px&#8221;][vc_column_text]<\/p>\n<h2 style=\"text-align: center;\">Our studio<\/h2>\n<p>[\/vc_column_text][vc_empty_space height=&#8221;11px&#8221;][vc_column_text css=&#8221;.vc_custom_1542298724122{padding-right: 50px !important;padding-left: 50px !important;}&#8221;]<\/p>\n<p style=\"text-align: center;\">Ramqui was born in 1.995, specialized in architectural and decorative lighting area, as how engineering technical consultancy, going on to be called Ramqui i+i.<br \/>\nNow, ramqui i + i is formed by a multidisciplinary team with extensive experience in the development of luminotechnical projects as engineering installations.<br \/>\nWe understand that only the light gives life to the material, defining the form of the space. When lighting is best designed, less perceves. When you really see the architecture and not the light, you are in fornt of a good project.<\/p>\n<p>[\/vc_column_text][vc_empty_space height=&#8221;25px&#8221;][\/vc_column][\/vc_row][vc_row row_content_width=&#8221;grid&#8221; content_text_aligment=&#8221;center&#8221;][vc_column]<a itemprop=\"url\" href=\"http:\/\/www.ramqui.com\/en\/team\" target=\"_self\"  class=\"eltdf-btn eltdf-btn-medium eltdf-btn-solid\"  >\n    <span class=\"eltdf-btn-text\">MEET THE TEAM<\/span>\n    <\/a>[\/vc_column][\/vc_row][vc_row row_content_width=&#8221;grid&#8221; content_text_aligment=&#8221;center&#8221; el_id=&#8221;equipo&#8221;][vc_column][vc_single_image image=&#8221;8978&#8243; img_size=&#8221;full&#8221;][\/vc_column][\/vc_row][vc_row][vc_column css=&#8221;.vc_custom_1485789924451{padding-top: 0px !important;}&#8221;]<div class=\"eltdf-elements-holder eltdf-responsive-mode-1024\" ><div class=\"eltdf-elements-holder-item eltdf-width-1-2 eltdf-vertical-alignment-middle eltdf-horizontal-alignment-left\" data-item-class=\"eltdf-elements-holder-custom-447151\" data-1280-1440=\"14% 12% 18% \" data-1024-1280=\"15% 5% 18% \" data-768-1024=\"27% 5%\" data-600-768=\"37% 16% 37% \" data-480-600=\"60% 8% 60%\" data-480=\"60% 8% 60%\" style=\"background-image: url(https:\/\/www.ramqui.com\/wp-content\/uploads\/2017\/02\/Bonjour_Unplugged_0111975147411197581197651197721.jpg)\">\n        <div class=\"eltdf-elements-holder-item-inner\">\n        <div class=\"eltdf-elements-holder-item-content eltdf-elements-holder-custom-447151\" style=\"padding: 15% 16% 17% 16%\">\n            <div class=\"eltdf-elements-holder-item-content-inner\">\n                            <\/div>\n        <\/div>\n    <\/div>\n    <\/div><div class=\"eltdf-elements-holder-item eltdf-width-1-2 eltdf-vertical-alignment-middle eltdf-horizontal-alignment-left\" data-item-class=\"eltdf-elements-holder-custom-742753\" data-1280-1440=\"14% 12% 18% \" data-1024-1280=\"14% 12% 18% \" data-768-1024=\"15% 5% 15% \" data-600-768=\"15% 16% 17% \" data-480-600=\"17% 7% 21%\" data-480=\"17% 7% 21%\" style=\"background-color: #deb851\">\n        <div class=\"eltdf-elements-holder-item-inner\">\n        <div class=\"eltdf-elements-holder-item-content eltdf-elements-holder-custom-742753\" style=\"padding: 15% 16% 17% 16%\">\n            <div class=\"eltdf-elements-holder-item-content-inner\">\n                [vc_empty_space height=&#8221;4px&#8221;][vc_column_text]<\/p>\n<h2 style=\"color: white; text-align: center;\">Innovative Solutions<\/h2>\n<p>[\/vc_column_text][vc_empty_space height=&#8221;9px&#8221;][vc_column_text]<\/p>\n<p style=\"text-align: center;\"><span style=\"color: white;\">From its conception to the accomplishment of the work, we work to provide the most appropriate solution to the project, always having in mind the following premises: architecture, viability, quality, cost, sustainability, energy efficiency and maintenance, all without forgetting the goals of our customers.<\/span><\/p>\n<p>[\/vc_column_text]            <\/div>\n        <\/div>\n    <\/div>\n    <\/div><\/div>[\/vc_column][\/vc_row][vc_row css=&#8221;.vc_custom_1516310059653{padding-bottom: 63px !important;background-color: #ffffff !important;}&#8221;][vc_column][vc_empty_space height=&#8221;35px&#8221;]<div class=\"eltdf-section-title-holder\" style=\"text-align: center\">\n\t\t\t<h2 class=\"eltdf-st-title\" style=\"color: #deb851\">\n\t\t\t<span>Services<\/span>\n\t\t<\/h2>\n\t\t<\/div>[\/vc_column][\/vc_row][vc_row row_content_width=&#8221;grid&#8221; css=&#8221;.vc_custom_1527838143112{padding-bottom: 75px !important;}&#8221;][vc_column width=&#8221;1\/2&#8243;]<div class=\"eltdf-iwt clearfix eltdf-iwt-icon-left eltdf-iwt-icon-medium\">\n    <div class=\"eltdf-iwt-icon\">\n                                        <span class=\"eltdf-icon-shortcode eltdf-normal\"  data-color=\"#dfb947\">\n                    <i class=\"eltdf-icon-linear-icon lnr lnr-cart eltdf-icon-element\" style=\"color: #dfb947;font-size:30px\" ><\/i>            <\/span>\n                        <\/div>\n    <div class=\"eltdf-iwt-content\" style=\"padding-left: 21px\">\n\t    \t        <h4 class=\"eltdf-iwt-title\" >\n\t\t\t    \t               STORE\t\t\t                <\/h4>\n\t    \t\t            <p class=\"eltdf-iwt-text\" style=\"margin-top: 7px\">Distribution and national and international sells.<\/p>\n\t\t    <\/div>\n<\/div>[vc_empty_space height=&#8221;60px&#8221;]<div class=\"eltdf-iwt clearfix eltdf-iwt-icon-left eltdf-iwt-icon-medium\">\n    <div class=\"eltdf-iwt-icon\">\n                                        <span class=\"eltdf-icon-shortcode eltdf-normal\"  data-color=\"#dfb947\">\n                    <i class=\"eltdf-icon-linear-icon lnr lnr-leaf eltdf-icon-element\" style=\"color: #dfb947;font-size:30px\" ><\/i>            <\/span>\n                        <\/div>\n    <div class=\"eltdf-iwt-content\" style=\"padding-left: 21px\">\n\t    \t        <h4 class=\"eltdf-iwt-title\" >\n\t\t\t    \t               ENERGETIC SAVE\t\t\t                <\/h4>\n\t    \t\t            <p class=\"eltdf-iwt-text\" style=\"margin-top: 7px\">Optimation in energetic use, saving in resources and costs without impact in the final results.<\/p>\n\t\t    <\/div>\n<\/div>[\/vc_column][vc_column width=&#8221;1\/2&#8243; el_class=&#8221;iconoRes&#8221;]<div class=\"eltdf-iwt clearfix eltdf-iwt-icon-left eltdf-iwt-icon-medium\">\n    <div class=\"eltdf-iwt-icon\">\n                                        <span class=\"eltdf-icon-shortcode eltdf-normal\"  data-color=\"#dfb947\">\n                    <i class=\"eltdf-icon-linear-icon lnr lnr-dice eltdf-icon-element\" style=\"color: #dfb947;font-size:30px\" ><\/i>            <\/span>\n                        <\/div>\n    <div class=\"eltdf-iwt-content\" style=\"padding-left: 21px\">\n\t    \t        <h4 class=\"eltdf-iwt-title\" >\n\t\t\t    \t               DOMOTIC \t\t\t                <\/h4>\n\t    \t\t            <p class=\"eltdf-iwt-text\" style=\"margin-top: 7px\">Lighting systems control.<\/p>\n\t\t    <\/div>\n<\/div>[vc_empty_space height=&#8221;60px&#8221;]<div class=\"eltdf-iwt clearfix eltdf-iwt-icon-left eltdf-iwt-icon-medium\">\n    <div class=\"eltdf-iwt-icon\">\n                                    <img loading=\"lazy\" decoding=\"async\" width=\"33\" height=\"34\" src=\"https:\/\/www.ramqui.com\/wp-content\/uploads\/2017\/02\/icono2.png\" class=\"attachment-full size-full\" alt=\"\" \/>                        <\/div>\n    <div class=\"eltdf-iwt-content\" style=\"padding-left: 21px\">\n\t    \t        <h4 class=\"eltdf-iwt-title\" >\n\t\t\t    \t               INSTALLATION\t\t\t                <\/h4>\n\t    \t\t            <p class=\"eltdf-iwt-text\" style=\"margin-top: 7px\">Once the project designed, we have a thecnical team for the execution.<\/p>\n\t\t    <\/div>\n<\/div>[\/vc_column][\/vc_row]<\/p>\n<\/div>","protected":false},"excerpt":{"rendered":"<p>[vc_row row_content_width=&#8221;grid&#8221;][vc_column][vc_empty_space height=&#8221;45px&#8221;][vc_column_text] Our studio [\/vc_column_text][vc_empty_space height=&#8221;11px&#8221;][vc_column_text css=&#8221;.vc_custom_1542298724122{padding-right: 50px !important;padding-left: 50px !important;}&#8221;] Ramqui was born in 1.995, specialized in architectural and decorative lighting area, as how engineering technical consultancy, going on to be called Ramqui i+i. Now, ramqui i + i is formed by a [&hellip;]<\/p>\n","protected":false},"author":2,"featured_media":0,"parent":0,"menu_order":0,"comment_status":"closed","ping_status":"closed","template":"full-width.php","meta":{"_acf_changed":false,"footnotes":""},"class_list":["post-9776","page","type-page","status-publish","hentry"],"acf":[],"yoast_head":"<!-- This site is optimized with the Yoast SEO plugin v27.2 - https:\/\/yoast.com\/product\/yoast-seo-wordpress\/ -->\n<title>Studio - Ramqui: iluminaci\u00f3n + ingenier\u00eda Elche<\/title>\n<meta name=\"robots\" content=\"index, follow, max-snippet:-1, max-image-preview:large, max-video-preview:-1\" \/>\n<link rel=\"canonical\" href=\"https:\/\/www.ramqui.com\/estudio\/\" \/>\n<meta property=\"og:locale\" content=\"en_US\" \/>\n<meta property=\"og:type\" content=\"article\" \/>\n<meta property=\"og:title\" content=\"Studio - Ramqui: iluminaci\u00f3n + ingenier\u00eda Elche\" \/>\n<meta property=\"og:description\" content=\"[vc_row row_content_width=&#8221;grid&#8221;][vc_column][vc_empty_space height=&#8221;45px&#8221;][vc_column_text] Our studio [\/vc_column_text][vc_empty_space height=&#8221;11px&#8221;][vc_column_text css=&#8221;.vc_custom_1542298724122{padding-right: 50px !important;padding-left: 50px !important;}&#8221;] Ramqui was born in 1.995, specialized in architectural and decorative lighting area, as how engineering technical consultancy, going on to be called Ramqui i+i. Now, ramqui i + i is formed by a [&hellip;]\" \/>\n<meta property=\"og:url\" content=\"https:\/\/www.ramqui.com\/estudio\/\" \/>\n<meta property=\"og:site_name\" content=\"Ramqui: iluminaci\u00f3n + ingenier\u00eda Elche\" \/>\n<meta property=\"article:publisher\" content=\"https:\/\/www.facebook.com\/estudioramqui\" \/>\n<meta property=\"article:modified_time\" content=\"2020-02-24T09:58:03+00:00\" \/>\n<meta name=\"twitter:card\" content=\"summary_large_image\" \/>\n<meta name=\"twitter:label1\" content=\"Est. reading time\" \/>\n\t<meta name=\"twitter:data1\" content=\"3 minutes\" \/>\n<script type=\"application\/ld+json\" class=\"yoast-schema-graph\">{\"@context\":\"https:\/\/schema.org\",\"@graph\":[{\"@type\":\"WebPage\",\"@id\":\"https:\/\/www.ramqui.com\/estudio\/\",\"url\":\"https:\/\/www.ramqui.com\/estudio\/\",\"name\":\"Studio - Ramqui: iluminaci\u00f3n + ingenier\u00eda Elche\",\"isPartOf\":{\"@id\":\"https:\/\/www.ramqui.com\/#website\"},\"datePublished\":\"2017-02-01T16:00:32+00:00\",\"dateModified\":\"2020-02-24T09:58:03+00:00\",\"breadcrumb\":{\"@id\":\"https:\/\/www.ramqui.com\/estudio\/#breadcrumb\"},\"inLanguage\":\"en-US\",\"potentialAction\":[{\"@type\":\"ReadAction\",\"target\":[\"https:\/\/www.ramqui.com\/estudio\/\"]}]},{\"@type\":\"BreadcrumbList\",\"@id\":\"https:\/\/www.ramqui.com\/estudio\/#breadcrumb\",\"itemListElement\":[{\"@type\":\"ListItem\",\"position\":1,\"name\":\"Portada\",\"item\":\"https:\/\/www.ramqui.com\/en\/\"},{\"@type\":\"ListItem\",\"position\":2,\"name\":\"Studio\"}]},{\"@type\":\"WebSite\",\"@id\":\"https:\/\/www.ramqui.com\/#website\",\"url\":\"https:\/\/www.ramqui.com\/\",\"name\":\"Ramqui: iluminaci\u00f3n + ingenier\u00eda Elche\",\"description\":\"Servicios de iluminaci\u00f3n e ingenier\u00eda en Elche y la provincia de Alicante. Dom\u00f3tica, instalaci\u00f3n, ahorro energ\u00e9tico, distribuci\u00f3n y venta.\",\"potentialAction\":[{\"@type\":\"SearchAction\",\"target\":{\"@type\":\"EntryPoint\",\"urlTemplate\":\"https:\/\/www.ramqui.com\/?s={search_term_string}\"},\"query-input\":{\"@type\":\"PropertyValueSpecification\",\"valueRequired\":true,\"valueName\":\"search_term_string\"}}],\"inLanguage\":\"en-US\"}]}<\/script>\n<!-- \/ Yoast SEO plugin. -->","yoast_head_json":{"title":"Studio - Ramqui: iluminaci\u00f3n + ingenier\u00eda Elche","robots":{"index":"index","follow":"follow","max-snippet":"max-snippet:-1","max-image-preview":"max-image-preview:large","max-video-preview":"max-video-preview:-1"},"canonical":"https:\/\/www.ramqui.com\/estudio\/","og_locale":"en_US","og_type":"article","og_title":"Studio - Ramqui: iluminaci\u00f3n + ingenier\u00eda Elche","og_description":"[vc_row row_content_width=&#8221;grid&#8221;][vc_column][vc_empty_space height=&#8221;45px&#8221;][vc_column_text] Our studio [\/vc_column_text][vc_empty_space height=&#8221;11px&#8221;][vc_column_text css=&#8221;.vc_custom_1542298724122{padding-right: 50px !important;padding-left: 50px !important;}&#8221;] Ramqui was born in 1.995, specialized in architectural and decorative lighting area, as how engineering technical consultancy, going on to be called Ramqui i+i. Now, ramqui i + i is formed by a [&hellip;]","og_url":"https:\/\/www.ramqui.com\/estudio\/","og_site_name":"Ramqui: iluminaci\u00f3n + ingenier\u00eda Elche","article_publisher":"https:\/\/www.facebook.com\/estudioramqui","article_modified_time":"2020-02-24T09:58:03+00:00","twitter_card":"summary_large_image","twitter_misc":{"Est. reading time":"3 minutes"},"schema":{"@context":"https:\/\/schema.org","@graph":[{"@type":"WebPage","@id":"https:\/\/www.ramqui.com\/estudio\/","url":"https:\/\/www.ramqui.com\/estudio\/","name":"Studio - Ramqui: iluminaci\u00f3n + ingenier\u00eda Elche","isPartOf":{"@id":"https:\/\/www.ramqui.com\/#website"},"datePublished":"2017-02-01T16:00:32+00:00","dateModified":"2020-02-24T09:58:03+00:00","breadcrumb":{"@id":"https:\/\/www.ramqui.com\/estudio\/#breadcrumb"},"inLanguage":"en-US","potentialAction":[{"@type":"ReadAction","target":["https:\/\/www.ramqui.com\/estudio\/"]}]},{"@type":"BreadcrumbList","@id":"https:\/\/www.ramqui.com\/estudio\/#breadcrumb","itemListElement":[{"@type":"ListItem","position":1,"name":"Portada","item":"https:\/\/www.ramqui.com\/en\/"},{"@type":"ListItem","position":2,"name":"Studio"}]},{"@type":"WebSite","@id":"https:\/\/www.ramqui.com\/#website","url":"https:\/\/www.ramqui.com\/","name":"Ramqui: iluminaci\u00f3n + ingenier\u00eda Elche","description":"Servicios de iluminaci\u00f3n e ingenier\u00eda en Elche y la provincia de Alicante. Dom\u00f3tica, instalaci\u00f3n, ahorro energ\u00e9tico, distribuci\u00f3n y venta.","potentialAction":[{"@type":"SearchAction","target":{"@type":"EntryPoint","urlTemplate":"https:\/\/www.ramqui.com\/?s={search_term_string}"},"query-input":{"@type":"PropertyValueSpecification","valueRequired":true,"valueName":"search_term_string"}}],"inLanguage":"en-US"}]}},"_links":{"self":[{"href":"https:\/\/www.ramqui.com\/en\/wp-json\/wp\/v2\/pages\/9776\/"}],"collection":[{"href":"https:\/\/www.ramqui.com\/en\/wp-json\/wp\/v2\/pages\/"}],"about":[{"href":"https:\/\/www.ramqui.com\/en\/wp-json\/wp\/v2\/types\/page\/"}],"author":[{"embeddable":true,"href":"https:\/\/www.ramqui.com\/en\/wp-json\/wp\/v2\/users\/2\/"}],"replies":[{"embeddable":true,"href":"https:\/\/www.ramqui.com\/en\/wp-json\/wp\/v2\/comments\/?post=9776"}],"version-history":[{"count":4,"href":"https:\/\/www.ramqui.com\/en\/wp-json\/wp\/v2\/pages\/9776\/revisions\/"}],"predecessor-version":[{"id":11825,"href":"https:\/\/www.ramqui.com\/en\/wp-json\/wp\/v2\/pages\/9776\/revisions\/11825\/"}],"wp:attachment":[{"href":"https:\/\/www.ramqui.com\/en\/wp-json\/wp\/v2\/media\/?parent=9776"}],"curies":[{"name":"wp","href":"https:\/\/api.w.org\/{rel}","templated":true}]}}